{"id":1243,"date":"2020-08-21T05:37:21","date_gmt":"2020-08-21T05:37:21","guid":{"rendered":"http:\/\/ninzio.com\/byron\/?page_id=1243"},"modified":"2022-11-15T21:06:03","modified_gmt":"2022-11-15T17:06:03","slug":"projects","status":"publish","type":"page","link":"https:\/\/occon.az\/az\/projects\/","title":{"rendered":"Layih\u0259l\u0259r"},"content":{"rendered":"<div data-elementor-type=\"wp-page\" data-elementor-id=\"1243\" class=\"elementor elementor-1243\">\n\t\t\t\t\t\t<section class=\"elementor-section elementor-top-section elementor-element elementor-element-97eae11 elementor-section-stretched elementor-section-full_width elementor-section-height-default elementor-section-height-default\" data-id=\"97eae11\" data-element_type=\"section\" data-settings=\"{&quot;stretch_section&quot;:&quot;section-stretched&quot;,&quot;background_background&quot;:&quot;classic&quot;}\">\n\t\t\t\t\t\t<div class=\"elementor-container elementor-column-gap-default\">\n\t\t\t\t\t<div class=\"elementor-column elementor-col-100 elementor-top-column elementor-element elementor-element-e75bd14\" data-id=\"e75bd14\" data-element_type=\"column\">\n\t\t\t<div class=\"elementor-widget-wrap elementor-element-populated\">\n\t\t\t\t\t\t<div class=\"elementor-element elementor-element-2fda260 desc2 elementor-widget elementor-widget-mae-project-grid\" data-id=\"2fda260\" data-element_type=\"widget\" data-widget_type=\"mae-project-grid.default\">\n\t\t\t\t<div class=\"elementor-widget-container\">\n\t\t\t\t\t        <div class=\"master-portfolio mlr-41123303\" data-config='{\"columns\":\"3,3,2,1\",\"gapHorizontal\":30,\"gapVertical\":30,\"layoutMode\":\"grid\"}'>\n            <div class=\"galleries cbp\">\n                                    \n                        <div class=\"master-project cbp-item sep-before style-1\">\n                            <div class=\"thumb\"><img fetchpriority=\"high\" decoding=\"async\" width=\"844\" height=\"634\" src=\"https:\/\/occon.az\/wp-content\/uploads\/2022\/11\/1-5.jpg\" class=\"attachment-full size-full wp-post-image\" alt=\"\" srcset=\"https:\/\/occon.az\/wp-content\/uploads\/2022\/11\/1-5.jpg 844w, https:\/\/occon.az\/wp-content\/uploads\/2022\/11\/1-5-300x225.jpg 300w, https:\/\/occon.az\/wp-content\/uploads\/2022\/11\/1-5-768x577.jpg 768w, https:\/\/occon.az\/wp-content\/uploads\/2022\/11\/1-5-16x12.jpg 16w, https:\/\/occon.az\/wp-content\/uploads\/2022\/11\/1-5-535x402.jpg 535w\" sizes=\"(max-width: 844px) 100vw, 844px\" \/><\/div><div class=\"content-wrap\" style=\"padding: 10px 30px\"><div class=\"text-wrap\" style=\"transform: unset\"><h3 class=\"headline-2\"><a href=\"https:\/\/occon.az\/az\/project\/azer-gold\/\">\"AzerGold\" QSC Da\u015fk\u0259s\u0259n<\/a><\/h3><\/div><\/div>                        <\/div>\n                    \n                        <div class=\"master-project cbp-item sep-before style-1\">\n                            <div class=\"thumb\"><img decoding=\"async\" width=\"844\" height=\"634\" src=\"https:\/\/occon.az\/wp-content\/uploads\/2022\/11\/1-4.jpg\" class=\"attachment-full size-full wp-post-image\" alt=\"\" srcset=\"https:\/\/occon.az\/wp-content\/uploads\/2022\/11\/1-4.jpg 844w, https:\/\/occon.az\/wp-content\/uploads\/2022\/11\/1-4-300x225.jpg 300w, https:\/\/occon.az\/wp-content\/uploads\/2022\/11\/1-4-768x577.jpg 768w, https:\/\/occon.az\/wp-content\/uploads\/2022\/11\/1-4-16x12.jpg 16w, https:\/\/occon.az\/wp-content\/uploads\/2022\/11\/1-4-535x402.jpg 535w\" sizes=\"(max-width: 844px) 100vw, 844px\" \/><\/div><div class=\"content-wrap\" style=\"padding: 10px 30px\"><div class=\"text-wrap\" style=\"transform: unset\"><h3 class=\"headline-2\"><a href=\"https:\/\/occon.az\/az\/project\/pictures-of-football-stadium-roofs-and-tents-in-cities-during-the-2018-world-cup-in-russia\/\">Rusiyada ke\u00e7iril\u0259n futbol \u00fczr\u0259 d\u00fcnya \u00e7empionat\u0131<\/a><\/h3><\/div><\/div>                        <\/div>\n                    \n                        <div class=\"master-project cbp-item sep-before style-1\">\n                            <div class=\"thumb\"><img decoding=\"async\" width=\"844\" height=\"634\" src=\"https:\/\/occon.az\/wp-content\/uploads\/2022\/11\/1-3.jpg\" class=\"attachment-full size-full wp-post-image\" alt=\"\" srcset=\"https:\/\/occon.az\/wp-content\/uploads\/2022\/11\/1-3.jpg 844w, https:\/\/occon.az\/wp-content\/uploads\/2022\/11\/1-3-300x225.jpg 300w, https:\/\/occon.az\/wp-content\/uploads\/2022\/11\/1-3-768x577.jpg 768w, https:\/\/occon.az\/wp-content\/uploads\/2022\/11\/1-3-16x12.jpg 16w, https:\/\/occon.az\/wp-content\/uploads\/2022\/11\/1-3-535x402.jpg 535w\" sizes=\"(max-width: 844px) 100vw, 844px\" \/><\/div><div class=\"content-wrap\" style=\"padding: 10px 30px\"><div class=\"text-wrap\" style=\"transform: unset\"><h3 class=\"headline-2\"><a href=\"https:\/\/occon.az\/az\/project\/f1\/\">Formula 1 Bak\u0131 \u015e\u0259h\u0259r Halqas\u0131 \u018fm\u0259liyyat \u015eirk\u0259ti<\/a><\/h3><\/div><\/div>                        <\/div>\n                    \n                        <div class=\"master-project cbp-item sep-before style-1\">\n                            <div class=\"thumb\"><img loading=\"lazy\" decoding=\"async\" width=\"844\" height=\"634\" src=\"https:\/\/occon.az\/wp-content\/uploads\/2022\/11\/1-2.jpg\" class=\"attachment-full size-full wp-post-image\" alt=\"\" srcset=\"https:\/\/occon.az\/wp-content\/uploads\/2022\/11\/1-2.jpg 844w, https:\/\/occon.az\/wp-content\/uploads\/2022\/11\/1-2-300x225.jpg 300w, https:\/\/occon.az\/wp-content\/uploads\/2022\/11\/1-2-768x577.jpg 768w, https:\/\/occon.az\/wp-content\/uploads\/2022\/11\/1-2-16x12.jpg 16w, https:\/\/occon.az\/wp-content\/uploads\/2022\/11\/1-2-535x402.jpg 535w\" sizes=\"(max-width: 844px) 100vw, 844px\" \/><\/div><div class=\"content-wrap\" style=\"padding: 10px 30px\"><div class=\"text-wrap\" style=\"transform: unset\"><h3 class=\"headline-2\"><a href=\"https:\/\/occon.az\/az\/project\/preparation-of-steel-structures-and-pallets-in-zangilan-city-in-2022\/\">Z\u0259ngilan \u015f\u0259h\u0259ri<\/a><\/h3><\/div><\/div>                        <\/div>\n                    \n                        <div class=\"master-project cbp-item sep-before style-1\">\n                            <div class=\"thumb\"><img loading=\"lazy\" decoding=\"async\" width=\"844\" height=\"634\" src=\"https:\/\/occon.az\/wp-content\/uploads\/2022\/11\/1-1.jpg\" class=\"attachment-full size-full wp-post-image\" alt=\"\" srcset=\"https:\/\/occon.az\/wp-content\/uploads\/2022\/11\/1-1.jpg 844w, https:\/\/occon.az\/wp-content\/uploads\/2022\/11\/1-1-300x225.jpg 300w, https:\/\/occon.az\/wp-content\/uploads\/2022\/11\/1-1-768x577.jpg 768w, https:\/\/occon.az\/wp-content\/uploads\/2022\/11\/1-1-16x12.jpg 16w, https:\/\/occon.az\/wp-content\/uploads\/2022\/11\/1-1-535x402.jpg 535w\" sizes=\"(max-width: 844px) 100vw, 844px\" \/><\/div><div class=\"content-wrap\" style=\"padding: 10px 30px\"><div class=\"text-wrap\" style=\"transform: unset\"><h3 class=\"headline-2\"><a href=\"https:\/\/occon.az\/az\/project\/tents-erected-in-karabakh-and-constructional-repair-works\/\">A\u011fdam \u015f\u0259h\u0259ri<\/a><\/h3><\/div><\/div>                        <\/div>\n                    \n                        <div class=\"master-project cbp-item sep-before style-1\">\n                            <div class=\"thumb\"><img loading=\"lazy\" decoding=\"async\" width=\"2560\" height=\"1920\" src=\"https:\/\/occon.az\/wp-content\/uploads\/2022\/11\/IMG-4078-scaled.jpg\" class=\"attachment-full size-full wp-post-image\" alt=\"\" srcset=\"https:\/\/occon.az\/wp-content\/uploads\/2022\/11\/IMG-4078-scaled.jpg 2560w, https:\/\/occon.az\/wp-content\/uploads\/2022\/11\/IMG-4078-300x225.jpg 300w, https:\/\/occon.az\/wp-content\/uploads\/2022\/11\/IMG-4078-1024x768.jpg 1024w, https:\/\/occon.az\/wp-content\/uploads\/2022\/11\/IMG-4078-768x576.jpg 768w, https:\/\/occon.az\/wp-content\/uploads\/2022\/11\/IMG-4078-1536x1152.jpg 1536w, https:\/\/occon.az\/wp-content\/uploads\/2022\/11\/IMG-4078-2048x1536.jpg 2048w, https:\/\/occon.az\/wp-content\/uploads\/2022\/11\/IMG-4078-535x401.jpg 535w\" sizes=\"(max-width: 2560px) 100vw, 2560px\" \/><\/div><div class=\"content-wrap\" style=\"padding: 10px 30px\"><div class=\"text-wrap\" style=\"transform: unset\"><h3 class=\"headline-2\"><a href=\"https:\/\/occon.az\/az\/project\/sports-museum-and-ministry-2020-repair-works-painting-works-iron-construction-works\/\">\u0130dman Muzeyi, G\u0259ncl\u0259r v\u0259 \u0130dman Nazirliyi<\/a><\/h3><\/div><\/div>                        <\/div>\n                    \n                        <div class=\"master-project cbp-item sep-before style-1\">\n                            <div class=\"thumb\"><img loading=\"lazy\" decoding=\"async\" width=\"2560\" height=\"1920\" src=\"https:\/\/occon.az\/wp-content\/uploads\/2020\/08\/IMG-4096-scaled.jpg\" class=\"attachment-full size-full wp-post-image\" alt=\"\" srcset=\"https:\/\/occon.az\/wp-content\/uploads\/2020\/08\/IMG-4096-scaled.jpg 2560w, https:\/\/occon.az\/wp-content\/uploads\/2020\/08\/IMG-4096-300x225.jpg 300w, https:\/\/occon.az\/wp-content\/uploads\/2020\/08\/IMG-4096-1024x768.jpg 1024w, https:\/\/occon.az\/wp-content\/uploads\/2020\/08\/IMG-4096-768x576.jpg 768w, https:\/\/occon.az\/wp-content\/uploads\/2020\/08\/IMG-4096-1536x1152.jpg 1536w, https:\/\/occon.az\/wp-content\/uploads\/2020\/08\/IMG-4096-2048x1536.jpg 2048w, https:\/\/occon.az\/wp-content\/uploads\/2020\/08\/IMG-4096-535x401.jpg 535w\" sizes=\"(max-width: 2560px) 100vw, 2560px\" \/><\/div><div class=\"content-wrap\" style=\"padding: 10px 30px\"><div class=\"text-wrap\" style=\"transform: unset\"><h3 class=\"headline-2\"><a href=\"https:\/\/occon.az\/az\/project\/water-sports-palace\/\">Su \u0130dman\u0131 Saray\u0131 v\u0259 Avropa Oyunlar\u0131 Park\u0131<\/a><\/h3><\/div><\/div>                        <\/div>\n                                <\/div><!-- galleries -->\n        <\/div><!-- master-portfolio -->\n        \t\t\t\t<\/div>\n\t\t\t\t<\/div>\n\t\t\t\t<div class=\"elementor-element elementor-element-ab8631b elementor-widget elementor-widget-spacer\" data-id=\"ab8631b\" data-element_type=\"widget\" data-widget_type=\"spacer.default\">\n\t\t\t\t<div class=\"elementor-widget-container\">\n\t\t\t\t\t\t\t<div class=\"elementor-spacer\">\n\t\t\t<div class=\"elementor-spacer-inner\"><\/div>\n\t\t<\/div>\n\t\t\t\t\t\t<\/div>\n\t\t\t\t<\/div>\n\t\t\t\t\t<\/div>\n\t\t<\/div>\n\t\t\t\t\t<\/div>\n\t\t<\/section>\n\t\t\t\t<\/div>","protected":false},"excerpt":{"rendered":"<p>Azer Gold Pictures of football stadium roofs and tents in cities during the 2018 World Cup in Russia. F1 Preparation of steel structures and pallets in Zangilan city in 2022 Tents erected in Karabakh and constructional repair works Sports Museum and M\u0131n\u0131stry Water Sports Palace<\/p>","protected":false},"author":1,"featured_media":0,"parent":0,"menu_order":0,"comment_status":"closed","ping_status":"closed","template":"","meta":{"footnotes":""},"class_list":["post-1243","page","type-page","status-publish","hentry"],"_links":{"self":[{"href":"https:\/\/occon.az\/az\/wp-json\/wp\/v2\/pages\/1243","targetHints":{"allow":["GET"]}}],"collection":[{"href":"https:\/\/occon.az\/az\/wp-json\/wp\/v2\/pages"}],"about":[{"href":"https:\/\/occon.az\/az\/wp-json\/wp\/v2\/types\/page"}],"author":[{"embeddable":true,"href":"https:\/\/occon.az\/az\/wp-json\/wp\/v2\/users\/1"}],"replies":[{"embeddable":true,"href":"https:\/\/occon.az\/az\/wp-json\/wp\/v2\/comments?post=1243"}],"version-history":[{"count":32,"href":"https:\/\/occon.az\/az\/wp-json\/wp\/v2\/pages\/1243\/revisions"}],"predecessor-version":[{"id":3005,"href":"https:\/\/occon.az\/az\/wp-json\/wp\/v2\/pages\/1243\/revisions\/3005"}],"wp:attachment":[{"href":"https:\/\/occon.az\/az\/wp-json\/wp\/v2\/media?parent=1243"}],"curies":[{"name":"wp","href":"https:\/\/api.w.org\/{rel}","templated":true}]}}