{"id":2460,"date":"2022-11-11T11:56:02","date_gmt":"2022-11-11T07:56:02","guid":{"rendered":"https:\/\/occon.az\/?page_id=2460"},"modified":"2022-11-11T11:56:03","modified_gmt":"2022-11-11T07:56:03","slug":"about-us","status":"publish","type":"page","link":"https:\/\/occon.az\/az\/about-us\/","title":{"rendered":"Haqq\u0131m\u0131zda"},"content":{"rendered":"<p>2010-cu ild\u0259 \u0259sas\u0131 qoyulan OCCON ilkin olaraq CCTV v\u0259 dig\u0259r elektrik avadanl\u0131qlar\u0131n\u0131n qura\u015fd\u0131r\u0131lmas\u0131 v\u0259 sat\u0131\u015fdan sonrak\u0131 xidm\u0259tl\u0259ri kimi elektrik xidm\u0259tl\u0259rinin g\u00f6st\u0259rilm\u0259si il\u0259 m\u0259\u015f\u011ful olmu\u015fdur.<\/p><p>2012-ci ild\u0259 bazar\u0131n t\u0259l\u0259bl\u0259rin\u0259 uy\u011fun olaraq \u015firk\u0259timiz geni\u015fl\u0259ndi v\u0259 idman, s\u0259hiyy\u0259, turizm, h\u00f6kum\u0259t v\u0259 s. kimi s\u0259nayel\u0259rd\u0259 h\u0259r \u00f6l\u00e7\u00fcd\u0259 layih\u0259l\u0259rl\u0259 b\u00fct\u00fcn b\u00fct\u00f6vl\u00fckd\u0259 tikinti v\u0259 m\u00fch\u0259ndislik xidm\u0259tl\u0259ri t\u0259klif etm\u0259y\u0259 ba\u015flad\u0131q.<\/p><p>2015-ci il\u0259 q\u0259d\u0259r OCCON-un 100-d\u0259n \u00e7ox geri qay\u0131dan m\u00fc\u015ft\u0259risi var v\u0259 300-d\u0259n \u00e7ox layih\u0259ni u\u011furla \u00e7atd\u0131r\u0131b.<\/p><p>2016-c\u0131 ild\u0259 biz t\u0259klifl\u0259rimizin bir hiss\u0259si olaraq memarl\u0131q v\u0259 dizayn xidm\u0259tl\u0259rinin g\u00f6st\u0259rilm\u0259si, sat\u0131nalma v\u0259 logistika d\u0259st\u0259yi d\u0259 daxil olmaqla, m\u00fc\u015ft\u0259ril\u0259r\u0259 daha d\u0259rind\u0259n xidm\u0259t g\u00f6st\u0259rm\u0259k \u00fc\u00e7\u00fcn xidm\u0259tl\u0259rimizi \u015fax\u0259l\u0259ndirdik. Biz h\u0259m\u00e7inin m\u00fc\u015ft\u0259ril\u0259rimiz\u0259 layih\u0259l\u0259rinin maliyy\u0259 planla\u015fd\u0131r\u0131lmas\u0131nda v\u0259 tikinti sah\u0259l\u0259rinin qanuni \u00e7atd\u0131r\u0131lmas\u0131nda k\u00f6m\u0259klik edirik.<\/p><p>Bizim USP, s\u0131x qrafikl\u0259r, sabit b\u00fcdc\u0259l\u0259r v\u0259 inki\u015faf ed\u0259n brifinql\u0259r v\u0259 sor\u011fular\u0131n t\u0259zyiqi alt\u0131nda m\u00fcr\u0259kk\u0259b layih\u0259l\u0259ri h\u0259yata ke\u00e7irm\u0259k qabiliyy\u0259tidir. \u00c7\u0259tin hava \u015f\u0259raiti d\u0259 daxil olmaqla, b\u00fct\u00fcn \u015f\u0259raitl\u0259rd\u0259 b\u00f6y\u00fck i\u015fl\u0259r g\u00f6r\u00fcr\u00fck.<\/p>","protected":false},"excerpt":{"rendered":"<p>Founded in 2010, OCCON was initially focused on delivering electrical services, such as installation and after sales services of CCTV and other electrical equipment. In 2012, following market demands, our company expanded and we started to offer construction and engineering services all across the board with projects<\/p>","protected":false},"author":2,"featured_media":0,"parent":0,"menu_order":0,"comment_status":"closed","ping_status":"closed","template":"","meta":{"footnotes":""},"class_list":["post-2460","page","type-page","status-publish","hentry"],"_links":{"self":[{"href":"https:\/\/occon.az\/az\/wp-json\/wp\/v2\/pages\/2460","targetHints":{"allow":["GET"]}}],"collection":[{"href":"https:\/\/occon.az\/az\/wp-json\/wp\/v2\/pages"}],"about":[{"href":"https:\/\/occon.az\/az\/wp-json\/wp\/v2\/types\/page"}],"author":[{"embeddable":true,"href":"https:\/\/occon.az\/az\/wp-json\/wp\/v2\/users\/2"}],"replies":[{"embeddable":true,"href":"https:\/\/occon.az\/az\/wp-json\/wp\/v2\/comments?post=2460"}],"version-history":[{"count":2,"href":"https:\/\/occon.az\/az\/wp-json\/wp\/v2\/pages\/2460\/revisions"}],"predecessor-version":[{"id":2462,"href":"https:\/\/occon.az\/az\/wp-json\/wp\/v2\/pages\/2460\/revisions\/2462"}],"wp:attachment":[{"href":"https:\/\/occon.az\/az\/wp-json\/wp\/v2\/media?parent=2460"}],"curies":[{"name":"wp","href":"https:\/\/api.w.org\/{rel}","templated":true}]}}