{"id":2498,"date":"2022-11-11T17:45:39","date_gmt":"2022-11-11T13:45:39","guid":{"rendered":"https:\/\/occon.az\/?page_id=2498"},"modified":"2022-11-14T09:37:04","modified_gmt":"2022-11-14T05:37:04","slug":"preconstruction-services","status":"publish","type":"page","link":"https:\/\/occon.az\/az\/preconstruction-services\/","title":{"rendered":"Tikinti \u00f6nc\u0259si xidm\u0259tl\u0259r"},"content":{"rendered":"<div data-elementor-type=\"wp-page\" data-elementor-id=\"2498\" class=\"elementor elementor-2498\">\n\t\t\t\t\t\t<section class=\"elementor-section elementor-top-section elementor-element elementor-element-7c71166 elementor-section-boxed elementor-section-height-default elementor-section-height-default\" data-id=\"7c71166\" data-element_type=\"section\">\n\t\t\t\t\t\t<div class=\"elementor-container elementor-column-gap-default\">\n\t\t\t\t\t<div class=\"elementor-column elementor-col-100 elementor-top-column elementor-element elementor-element-b561e23\" data-id=\"b561e23\" data-element_type=\"column\">\n\t\t\t<div class=\"elementor-widget-wrap elementor-element-populated\">\n\t\t\t\t\t\t<div class=\"elementor-element elementor-element-7660546 elementor-widget elementor-widget-image\" data-id=\"7660546\" data-element_type=\"widget\" data-widget_type=\"image.default\">\n\t\t\t\t<div class=\"elementor-widget-container\">\n\t\t\t\t\t\t\t\t\t\t\t\t\t\t\t<img fetchpriority=\"high\" decoding=\"async\" width=\"1024\" height=\"427\" src=\"https:\/\/occon.az\/wp-content\/uploads\/2022\/11\/Preconstruction-services-1024x427.png\" class=\"attachment-large size-large wp-image-2652\" alt=\"\" srcset=\"https:\/\/occon.az\/wp-content\/uploads\/2022\/11\/Preconstruction-services-1024x427.png 1024w, https:\/\/occon.az\/wp-content\/uploads\/2022\/11\/Preconstruction-services-300x125.png 300w, https:\/\/occon.az\/wp-content\/uploads\/2022\/11\/Preconstruction-services-768x320.png 768w, https:\/\/occon.az\/wp-content\/uploads\/2022\/11\/Preconstruction-services-535x223.png 535w, https:\/\/occon.az\/wp-content\/uploads\/2022\/11\/Preconstruction-services.png 1440w\" sizes=\"(max-width: 1024px) 100vw, 1024px\" \/>\t\t\t\t\t\t\t\t\t\t\t\t\t\t\t<\/div>\n\t\t\t\t<\/div>\n\t\t\t\t<div class=\"elementor-element elementor-element-bf5897a elementor-widget elementor-widget-spacer\" data-id=\"bf5897a\" data-element_type=\"widget\" data-widget_type=\"spacer.default\">\n\t\t\t\t<div class=\"elementor-widget-container\">\n\t\t\t\t\t\t\t<div class=\"elementor-spacer\">\n\t\t\t<div class=\"elementor-spacer-inner\"><\/div>\n\t\t<\/div>\n\t\t\t\t\t\t<\/div>\n\t\t\t\t<\/div>\n\t\t\t\t<div class=\"elementor-element elementor-element-5ecf544 elementor-widget elementor-widget-mae-list\" data-id=\"5ecf544\" data-element_type=\"widget\" data-widget_type=\"mae-list.default\">\n\t\t\t\t<div class=\"elementor-widget-container\">\n\t\t\t\t\t\n\t\t<div class=\"master-list align-left\">\n\t\t\t<div class=\"inner\">\n\t\t        <div class=\"icon-wrap\">\n\t\t\t        \t\t\t        \t<i class=\"\"><\/i>\n\t\t\t        \t\t\t\t    \t\t        <\/div> \n\n\t\t        <div class=\"content-wrap\">\n\t\t            Tikintid\u0259n \u0259vv\u0259l xidm\u0259tl\u0259r, ad\u0131ndan da g\u00f6r\u00fcnd\u00fcy\u00fc kimi, h\u0259r hans\u0131 faktiki tikinti ba\u015flamazdan \u0259vv\u0259l istifad\u0259 olunur. Bu xidm\u0259tl\u0259r tikinti layih\u0259sinin tikinti \u00f6nc\u0259si planla\u015fd\u0131rma m\u0259rh\u0259l\u0259l\u0259rinin bir hiss\u0259sidir v\u0259 ist\u0259nil\u0259n i\u015fin r\u0259van getdiyin\u0259 \u0259min olmaq \u00fc\u00e7\u00fcn \u00e7ox vacibdir.\t\t        <\/div>\n\t\t    <\/div>\n\t    <\/div>\n\n\t    \t\t\t\t<\/div>\n\t\t\t\t<\/div>\n\t\t\t\t<div class=\"elementor-element elementor-element-4990e95 elementor-widget elementor-widget-mae-list\" data-id=\"4990e95\" data-element_type=\"widget\" data-widget_type=\"mae-list.default\">\n\t\t\t\t<div class=\"elementor-widget-container\">\n\t\t\t\t\t\n\t\t<div class=\"master-list align-left\">\n\t\t\t<div class=\"inner\">\n\t\t        <div class=\"icon-wrap\">\n\t\t\t        \t\t\t        \t<i class=\"\"><\/i>\n\t\t\t        \t\t\t\t    \t\t        <\/div> \n\n\t\t        <div class=\"content-wrap\">\n\t\t               Tikinti \u00f6nc\u0259si xidm\u0259tl\u0259r layih\u0259nin planla\u015fd\u0131r\u0131lmas\u0131n\u0131 ba\u015fa \u00e7atd\u0131rmaq v\u0259 m\u00fc\u015ft\u0259riy\u0259 i\u015finin nec\u0259 g\u00f6r\u00fcn\u0259c\u0259yi, nec\u0259 yerin\u0259 yetiril\u0259c\u0259yi v\u0259 i\u015fin n\u0259 vaxt tamamlanaca\u011f\u0131 bar\u0259d\u0259 ayd\u0131n t\u0259s\u0259vv\u00fcr yaratmaq m\u0259qs\u0259di da\u015f\u0131y\u0131r.\t\t        <\/div>\n\t\t    <\/div>\n\t    <\/div>\n\n\t    \t\t\t\t<\/div>\n\t\t\t\t<\/div>\n\t\t\t\t<div class=\"elementor-element elementor-element-3bafba5 elementor-widget elementor-widget-mae-list\" data-id=\"3bafba5\" data-element_type=\"widget\" data-widget_type=\"mae-list.default\">\n\t\t\t\t<div class=\"elementor-widget-container\">\n\t\t\t\t\t\n\t\t<div class=\"master-list align-left\">\n\t\t\t<div class=\"inner\">\n\t\t        <div class=\"icon-wrap\">\n\t\t\t        \t\t\t        \t<i class=\"\"><\/i>\n\t\t\t        \t\t\t\t    \t\t        <\/div> \n\n\t\t        <div class=\"content-wrap\">\n\t\t            Dizayn prosesind\u0259, sahibinin q\u0259rar q\u0259bul etm\u0259sin\u0259 k\u00f6m\u0259k etm\u0259k \u00fc\u00e7\u00fcn tikinti \u00f6nc\u0259si x\u0259rcl\u0259r smetas\u0131 yarad\u0131l\u0131r. Buradan i\u015f, dizayn\u0131n v\u0259 tikinti s\u0259n\u0259dl\u0259rinin haz\u0131rlanmas\u0131 m\u0259rh\u0259l\u0259sin\u0259 ke\u00e7\u0259c\u0259k.\t\t        <\/div>\n\t\t    <\/div>\n\t    <\/div>\n\n\t    \t\t\t\t<\/div>\n\t\t\t\t<\/div>\n\t\t\t\t\t<\/div>\n\t\t<\/div>\n\t\t\t\t\t<\/div>\n\t\t<\/section>\n\t\t\t\t<section class=\"elementor-section elementor-top-section elementor-element elementor-element-5aed799 elementor-section-boxed elementor-section-height-default elementor-section-height-default\" data-id=\"5aed799\" data-element_type=\"section\">\n\t\t\t\t\t\t<div class=\"elementor-container elementor-column-gap-default\">\n\t\t\t\t\t<div class=\"elementor-column elementor-col-25 elementor-top-column elementor-element elementor-element-1c5dd61\" data-id=\"1c5dd61\" data-element_type=\"column\">\n\t\t\t<div class=\"elementor-widget-wrap elementor-element-populated\">\n\t\t\t\t\t\t<div class=\"elementor-element elementor-element-a499595 elementor-widget elementor-widget-mae-list\" data-id=\"a499595\" data-element_type=\"widget\" data-widget_type=\"mae-list.default\">\n\t\t\t\t<div class=\"elementor-widget-container\">\n\t\t\t\t\t\n\t\t<div class=\"master-list align-left\">\n\t\t\t<div class=\"inner\">\n\t\t        <div class=\"icon-wrap\">\n\t\t\t        \t\t\t        \t<i class=\"fas fa-check-circle\"><\/i>\n\t\t\t        \t\t\t\t    \t\t        <\/div> \n\n\t\t        <div class=\"content-wrap\">\n\t\t            Memarl\u0131q v\u0259 dizayn r\u0259yl\u0259ri\t\t        <\/div>\n\t\t    <\/div>\n\t    <\/div>\n\n\t    \t\t\t\t<\/div>\n\t\t\t\t<\/div>\n\t\t\t\t\t<\/div>\n\t\t<\/div>\n\t\t\t\t<div class=\"elementor-column elementor-col-25 elementor-top-column elementor-element elementor-element-b6e0e95\" data-id=\"b6e0e95\" data-element_type=\"column\">\n\t\t\t<div class=\"elementor-widget-wrap elementor-element-populated\">\n\t\t\t\t\t\t<div class=\"elementor-element elementor-element-1ac58a2 elementor-widget elementor-widget-mae-list\" data-id=\"1ac58a2\" data-element_type=\"widget\" data-widget_type=\"mae-list.default\">\n\t\t\t\t<div class=\"elementor-widget-container\">\n\t\t\t\t\t\n\t\t<div class=\"master-list align-left\">\n\t\t\t<div class=\"inner\">\n\t\t        <div class=\"icon-wrap\">\n\t\t\t        \t\t\t        \t<i class=\"fas fa-check-circle\"><\/i>\n\t\t\t        \t\t\t\t    \t\t        <\/div> \n\n\t\t        <div class=\"content-wrap\">\n\t\t            Konstruktivlik t\u0259hlili\t\t        <\/div>\n\t\t    <\/div>\n\t    <\/div>\n\n\t    \t\t\t\t<\/div>\n\t\t\t\t<\/div>\n\t\t\t\t\t<\/div>\n\t\t<\/div>\n\t\t\t\t<div class=\"elementor-column elementor-col-25 elementor-top-column elementor-element elementor-element-2beab77\" data-id=\"2beab77\" data-element_type=\"column\">\n\t\t\t<div class=\"elementor-widget-wrap elementor-element-populated\">\n\t\t\t\t\t\t<div class=\"elementor-element elementor-element-0b68935 elementor-widget elementor-widget-mae-list\" data-id=\"0b68935\" data-element_type=\"widget\" data-widget_type=\"mae-list.default\">\n\t\t\t\t<div class=\"elementor-widget-container\">\n\t\t\t\t\t\n\t\t<div class=\"master-list align-left\">\n\t\t\t<div class=\"inner\">\n\t\t        <div class=\"icon-wrap\">\n\t\t\t        \t\t\t        \t<i class=\"fas fa-check-circle\"><\/i>\n\t\t\t        \t\t\t\t    \t\t        <\/div> \n\n\t\t        <div class=\"content-wrap\">\n\t\t            D\u0259y\u0259r m\u00fch\u0259ndisliyi\t\t        <\/div>\n\t\t    <\/div>\n\t    <\/div>\n\n\t    \t\t\t\t<\/div>\n\t\t\t\t<\/div>\n\t\t\t\t\t<\/div>\n\t\t<\/div>\n\t\t\t\t<div class=\"elementor-column elementor-col-25 elementor-top-column elementor-element elementor-element-abe9c2e\" data-id=\"abe9c2e\" data-element_type=\"column\">\n\t\t\t<div class=\"elementor-widget-wrap elementor-element-populated\">\n\t\t\t\t\t\t<div class=\"elementor-element elementor-element-e397553 elementor-widget elementor-widget-mae-list\" data-id=\"e397553\" data-element_type=\"widget\" data-widget_type=\"mae-list.default\">\n\t\t\t\t<div class=\"elementor-widget-container\">\n\t\t\t\t\t\n\t\t<div class=\"master-list align-left\">\n\t\t\t<div class=\"inner\">\n\t\t        <div class=\"icon-wrap\">\n\t\t\t        \t\t\t        \t<i class=\"fas fa-check-circle\"><\/i>\n\t\t\t        \t\t\t\t    \t\t        <\/div> \n\n\t\t        <div class=\"content-wrap\">\n\t\t            T\u0259xminl\u0259r\t\t        <\/div>\n\t\t    <\/div>\n\t    <\/div>\n\n\t    \t\t\t\t<\/div>\n\t\t\t\t<\/div>\n\t\t\t\t\t<\/div>\n\t\t<\/div>\n\t\t\t\t\t<\/div>\n\t\t<\/section>\n\t\t\t\t<section class=\"elementor-section elementor-top-section elementor-element elementor-element-516bc3c elementor-section-boxed elementor-section-height-default elementor-section-height-default\" data-id=\"516bc3c\" data-element_type=\"section\">\n\t\t\t\t\t\t<div class=\"elementor-container elementor-column-gap-default\">\n\t\t\t\t\t<div class=\"elementor-column elementor-col-100 elementor-top-column elementor-element elementor-element-96b244d\" data-id=\"96b244d\" data-element_type=\"column\">\n\t\t\t<div class=\"elementor-widget-wrap\">\n\t\t\t\t\t\t\t<\/div>\n\t\t<\/div>\n\t\t\t\t\t<\/div>\n\t\t<\/section>\n\t\t\t\t<\/div>","protected":false},"excerpt":{"rendered":"<p>Pre-construction services, as the name suggests, are used before any actual construction begins. These services are part of the pre-construction planning stages of a construction project and are very important to make sure any job goes smoothly. Pre-construction aims to nail down the planning of the project<\/p>","protected":false},"author":2,"featured_media":0,"parent":0,"menu_order":0,"comment_status":"closed","ping_status":"closed","template":"","meta":{"footnotes":""},"class_list":["post-2498","page","type-page","status-publish","hentry"],"_links":{"self":[{"href":"https:\/\/occon.az\/az\/wp-json\/wp\/v2\/pages\/2498","targetHints":{"allow":["GET"]}}],"collection":[{"href":"https:\/\/occon.az\/az\/wp-json\/wp\/v2\/pages"}],"about":[{"href":"https:\/\/occon.az\/az\/wp-json\/wp\/v2\/types\/page"}],"author":[{"embeddable":true,"href":"https:\/\/occon.az\/az\/wp-json\/wp\/v2\/users\/2"}],"replies":[{"embeddable":true,"href":"https:\/\/occon.az\/az\/wp-json\/wp\/v2\/comments?post=2498"}],"version-history":[{"count":19,"href":"https:\/\/occon.az\/az\/wp-json\/wp\/v2\/pages\/2498\/revisions"}],"predecessor-version":[{"id":2657,"href":"https:\/\/occon.az\/az\/wp-json\/wp\/v2\/pages\/2498\/revisions\/2657"}],"wp:attachment":[{"href":"https:\/\/occon.az\/az\/wp-json\/wp\/v2\/media?parent=2498"}],"curies":[{"name":"wp","href":"https:\/\/api.w.org\/{rel}","templated":true}]}}