{"id":2499,"date":"2022-11-11T17:46:19","date_gmt":"2022-11-11T13:46:19","guid":{"rendered":"https:\/\/occon.az\/?page_id=2499"},"modified":"2022-11-14T09:40:59","modified_gmt":"2022-11-14T05:40:59","slug":"construction-services","status":"publish","type":"page","link":"https:\/\/occon.az\/az\/construction-services\/","title":{"rendered":"Tikinti xidm\u0259tl\u0259ri"},"content":{"rendered":"<div data-elementor-type=\"wp-page\" data-elementor-id=\"2499\" class=\"elementor elementor-2499\">\n\t\t\t\t\t\t<section class=\"elementor-section elementor-top-section elementor-element elementor-element-849dfba elementor-section-boxed elementor-section-height-default elementor-section-height-default\" data-id=\"849dfba\" data-element_type=\"section\">\n\t\t\t\t\t\t<div class=\"elementor-container elementor-column-gap-default\">\n\t\t\t\t\t<div class=\"elementor-column elementor-col-100 elementor-top-column elementor-element elementor-element-03368d3\" data-id=\"03368d3\" data-element_type=\"column\">\n\t\t\t<div class=\"elementor-widget-wrap elementor-element-populated\">\n\t\t\t\t\t\t<div class=\"elementor-element elementor-element-6fbcdcb elementor-widget elementor-widget-image\" data-id=\"6fbcdcb\" data-element_type=\"widget\" data-widget_type=\"image.default\">\n\t\t\t\t<div class=\"elementor-widget-container\">\n\t\t\t\t\t\t\t\t\t\t\t\t\t\t\t<img fetchpriority=\"high\" decoding=\"async\" width=\"1024\" height=\"427\" src=\"https:\/\/occon.az\/wp-content\/uploads\/2022\/11\/Construction-services-1024x427.png\" class=\"attachment-large size-large wp-image-2646\" alt=\"\" srcset=\"https:\/\/occon.az\/wp-content\/uploads\/2022\/11\/Construction-services-1024x427.png 1024w, https:\/\/occon.az\/wp-content\/uploads\/2022\/11\/Construction-services-300x125.png 300w, https:\/\/occon.az\/wp-content\/uploads\/2022\/11\/Construction-services-768x320.png 768w, https:\/\/occon.az\/wp-content\/uploads\/2022\/11\/Construction-services-535x223.png 535w, https:\/\/occon.az\/wp-content\/uploads\/2022\/11\/Construction-services.png 1440w\" sizes=\"(max-width: 1024px) 100vw, 1024px\" \/>\t\t\t\t\t\t\t\t\t\t\t\t\t\t\t<\/div>\n\t\t\t\t<\/div>\n\t\t\t\t<div class=\"elementor-element elementor-element-dd79b6c elementor-widget elementor-widget-spacer\" data-id=\"dd79b6c\" data-element_type=\"widget\" data-widget_type=\"spacer.default\">\n\t\t\t\t<div class=\"elementor-widget-container\">\n\t\t\t\t\t\t\t<div class=\"elementor-spacer\">\n\t\t\t<div class=\"elementor-spacer-inner\"><\/div>\n\t\t<\/div>\n\t\t\t\t\t\t<\/div>\n\t\t\t\t<\/div>\n\t\t\t\t<div class=\"elementor-element elementor-element-d3db30c elementor-widget elementor-widget-mae-list\" data-id=\"d3db30c\" data-element_type=\"widget\" data-widget_type=\"mae-list.default\">\n\t\t\t\t<div class=\"elementor-widget-container\">\n\t\t\t\t\t\n\t\t<div class=\"master-list align-left\">\n\t\t\t<div class=\"inner\">\n\t\t        <div class=\"icon-wrap\">\n\t\t\t        \t\t\t        \t<i class=\"\"><\/i>\n\t\t\t        \t\t\t\t    \t\t        <\/div> \n\n\t\t        <div class=\"content-wrap\">\n\t\t            Bizim inteqrasiya olunmu\u015f tikinti xidm\u0259tl\u0259rimiz layih\u0259l\u0259rinizd\u0259 \u0259n y\u00fcks\u0259k keyfiyy\u0259t, t\u0259hl\u00fck\u0259sizlik, s\u0259m\u0259r\u0259lilik v\u0259 innovasiyan\u0131 t\u0259min edir.\t\t        <\/div>\n\t\t    <\/div>\n\t    <\/div>\n\n\t    \t\t\t\t<\/div>\n\t\t\t\t<\/div>\n\t\t\t\t<div class=\"elementor-element elementor-element-c06a4a2 elementor-widget elementor-widget-mae-list\" data-id=\"c06a4a2\" data-element_type=\"widget\" data-widget_type=\"mae-list.default\">\n\t\t\t\t<div class=\"elementor-widget-container\">\n\t\t\t\t\t\n\t\t<div class=\"master-list align-left\">\n\t\t\t<div class=\"inner\">\n\t\t        <div class=\"icon-wrap\">\n\t\t\t        \t\t\t        \t<i class=\"\"><\/i>\n\t\t\t        \t\t\t\t    \t\t        <\/div> \n\n\t\t        <div class=\"content-wrap\">\n\t\t            Occon il\u0259 partnyorluq etdiyiniz zaman siz n\u0259inki innovativ h\u0259ll\u0259r \u0259ld\u0259 edirsiniz, h\u0259m d\u0259 bizim tam t\u0259minatl\u0131 komandam\u0131z\u0131 v\u0259 i\u015fl\u0259ri d\u00fczg\u00fcn etm\u0259k \u00f6hd\u0259liyini \u0259ld\u0259 edirsiniz. M\u00fcv\u0259ff\u0259qiyy\u0259t\u0259 h\u0259d\u0259fl\u0259nmi\u015f diqq\u0259timiz daha a\u011f\u0131ll\u0131 \u0259m\u0259kda\u015fl\u0131q qurma t\u0259cr\u00fcb\u0259l\u0259rin\u0259 g\u0259tirib \u00e7\u0131xar\u0131r.\t\t        <\/div>\n\t\t    <\/div>\n\t    <\/div>\n\n\t    \t\t\t\t<\/div>\n\t\t\t\t<\/div>\n\t\t\t\t<div class=\"elementor-element elementor-element-397d145 elementor-widget elementor-widget-mae-list\" data-id=\"397d145\" data-element_type=\"widget\" data-widget_type=\"mae-list.default\">\n\t\t\t\t<div class=\"elementor-widget-container\">\n\t\t\t\t\t\n\t\t<div class=\"master-list align-left\">\n\t\t\t<div class=\"inner\">\n\t\t        <div class=\"icon-wrap\">\n\t\t\t        \t\t\t        \t<i class=\"\"><\/i>\n\t\t\t        \t\t\t\t    \t\t        <\/div> \n\n\t\t        <div class=\"content-wrap\">\n\t\t            Biz m\u00fc\u015ft\u0259ril\u0259rimiz\u0259 ilkin i\u015fl\u0259r, binan\u0131n layih\u0259l\u0259ndirilm\u0259si, tikintinin idar\u0259 edilm\u0259si, el\u0259c\u0259 d\u0259 tikintiy\u0259 n\u0259zar\u0259t v\u0259 t\u0259mir i\u015fl\u0259rind\u0259 m\u0259sl\u0259h\u0259t xidm\u0259tl\u0259ri t\u0259klif ed\u0259n y\u00fcks\u0259k ixtisasl\u0131 v\u0259 t\u0259cr\u00fcb\u0259li m\u00fct\u0259x\u0259ssisl\u0259r komandas\u0131na birba\u015fa \u00e7\u0131x\u0131\u015f t\u0259klif edirik. Occon, evl\u0259r, m\u0259kt\u0259bl\u0259r, otell\u0259r, idman m\u0259rk\u0259zl\u0259ri, ofisl\u0259r, fabrikl\u0259r, x\u0259st\u0259xanalar v\u0259 sa\u011flaml\u0131q m\u0259rk\u0259zl\u0259ri daxil olmaqla, dem\u0259k olar ki, h\u0259r n\u00f6v tikinti layih\u0259sind\u0259 m\u00fch\u0259ndis m\u0259sl\u0259h\u0259t\u00e7isi kimi xidm\u0259t etmi\u015fdir.  \t\t        <\/div>\n\t\t    <\/div>\n\t    <\/div>\n\n\t    \t\t\t\t<\/div>\n\t\t\t\t<\/div>\n\t\t\t\t<div class=\"elementor-element elementor-element-dc68b12 elementor-widget elementor-widget-mae-list\" data-id=\"dc68b12\" data-element_type=\"widget\" data-widget_type=\"mae-list.default\">\n\t\t\t\t<div class=\"elementor-widget-container\">\n\t\t\t\t\t\n\t\t<div class=\"master-list align-left\">\n\t\t\t<div class=\"inner\">\n\t\t        <div class=\"icon-wrap\">\n\t\t\t        \t\t\t        \t<i class=\"\"><\/i>\n\t\t\t        \t\t\t\t    \t\t        <\/div> \n\n\t\t        <div class=\"content-wrap\">\n\t\t            Binalar v\u0259 dig\u0259r tikilil\u0259r \u00fc\u00e7\u00fcn ilkin v\u0259 ya konstruktiv layih\u0259l\u0259ndirm\u0259d\u0259n HVAC, elektrik v\u0259 idar\u0259etm\u0259 sisteml\u0259rinin layih\u0259l\u0259ndirilm\u0259sin\u0259, yan\u011f\u0131n t\u0259hl\u00fck\u0259sizliyi planlar\u0131n\u0131n haz\u0131rlanmas\u0131na v\u0259 m\u00fcxt\u0259lif akustik h\u0259ll\u0259rin layih\u0259l\u0259ndirilm\u0259sin\u0259 q\u0259d\u0259r Occon-un m\u00fct\u0259x\u0259ssisl\u0259ri ist\u0259nil\u0259n \u00f6l\u00e7\u00fcl\u00fc layih\u0259 probleml\u0259rini h\u0259ll etm\u0259k biliyin\u0259 malikdirl\u0259r.\t\t        <\/div>\n\t\t    <\/div>\n\t    <\/div>\n\n\t    \t\t\t\t<\/div>\n\t\t\t\t<\/div>\n\t\t\t\t<div class=\"elementor-element elementor-element-b4313f6 elementor-widget elementor-widget-mae-list\" data-id=\"b4313f6\" data-element_type=\"widget\" data-widget_type=\"mae-list.default\">\n\t\t\t\t<div class=\"elementor-widget-container\">\n\t\t\t\t\t\n\t\t<div class=\"master-list align-left\">\n\t\t\t<div class=\"inner\">\n\t\t        <div class=\"icon-wrap\">\n\t\t\t        \t\t\t        \t<i class=\"\"><\/i>\n\t\t\t        \t\t\t\t    \t\t        <\/div> \n\n\t\t        <div class=\"content-wrap\">\n\t\t            Binalar\u0131n dizayn\u0131, tikintisi v\u0259 t\u0259miri il\u0259 ba\u011fl\u0131 xidm\u0259tl\u0259r \u0259sas f\u0259aliyy\u0259t sah\u0259mizi t\u0259\u015fkil etmi\u015fdir.\t\t        <\/div>\n\t\t    <\/div>\n\t    <\/div>\n\n\t    \t\t\t\t<\/div>\n\t\t\t\t<\/div>\n\t\t\t\t\t<\/div>\n\t\t<\/div>\n\t\t\t\t\t<\/div>\n\t\t<\/section>\n\t\t\t\t<section class=\"elementor-section elementor-top-section elementor-element elementor-element-695b196 elementor-section-boxed elementor-section-height-default elementor-section-height-default\" data-id=\"695b196\" data-element_type=\"section\">\n\t\t\t\t\t\t<div class=\"elementor-container elementor-column-gap-default\">\n\t\t\t\t\t<div class=\"elementor-column elementor-col-25 elementor-top-column elementor-element elementor-element-f9d7c0c\" data-id=\"f9d7c0c\" data-element_type=\"column\">\n\t\t\t<div class=\"elementor-widget-wrap elementor-element-populated\">\n\t\t\t\t\t\t<div class=\"elementor-element elementor-element-041f346 elementor-widget elementor-widget-mae-list\" data-id=\"041f346\" data-element_type=\"widget\" data-widget_type=\"mae-list.default\">\n\t\t\t\t<div class=\"elementor-widget-container\">\n\t\t\t\t\t\n\t\t<div class=\"master-list align-left\">\n\t\t\t<div class=\"inner\">\n\t\t        <div class=\"icon-wrap\">\n\t\t\t        \t\t\t        \t<i class=\"fas fa-check-circle\"><\/i>\n\t\t\t        \t\t\t\t    \t\t        <\/div> \n\n\t\t        <div class=\"content-wrap\">\n\t\t            Z\u0259min i\u015fl\u0259ri\t\t        <\/div>\n\t\t    <\/div>\n\t    <\/div>\n\n\t    \t\t\t\t<\/div>\n\t\t\t\t<\/div>\n\t\t\t\t\t<\/div>\n\t\t<\/div>\n\t\t\t\t<div class=\"elementor-column elementor-col-25 elementor-top-column elementor-element elementor-element-17964f8\" data-id=\"17964f8\" data-element_type=\"column\">\n\t\t\t<div class=\"elementor-widget-wrap elementor-element-populated\">\n\t\t\t\t\t\t<div class=\"elementor-element elementor-element-52739eb elementor-widget elementor-widget-mae-list\" data-id=\"52739eb\" data-element_type=\"widget\" data-widget_type=\"mae-list.default\">\n\t\t\t\t<div class=\"elementor-widget-container\">\n\t\t\t\t\t\n\t\t<div class=\"master-list align-left\">\n\t\t\t<div class=\"inner\">\n\t\t        <div class=\"icon-wrap\">\n\t\t\t        \t\t\t        \t<i class=\"fas fa-check-circle\"><\/i>\n\t\t\t        \t\t\t\t    \t\t        <\/div> \n\n\t\t        <div class=\"content-wrap\">\n\t\t            Metal v\u0259 beton konstruksiyalar\t\t        <\/div>\n\t\t    <\/div>\n\t    <\/div>\n\n\t    \t\t\t\t<\/div>\n\t\t\t\t<\/div>\n\t\t\t\t\t<\/div>\n\t\t<\/div>\n\t\t\t\t<div class=\"elementor-column elementor-col-25 elementor-top-column elementor-element elementor-element-620f08a\" data-id=\"620f08a\" data-element_type=\"column\">\n\t\t\t<div class=\"elementor-widget-wrap elementor-element-populated\">\n\t\t\t\t\t\t<div class=\"elementor-element elementor-element-ff5a168 elementor-widget elementor-widget-mae-list\" data-id=\"ff5a168\" data-element_type=\"widget\" data-widget_type=\"mae-list.default\">\n\t\t\t\t<div class=\"elementor-widget-container\">\n\t\t\t\t\t\n\t\t<div class=\"master-list align-left\">\n\t\t\t<div class=\"inner\">\n\t\t        <div class=\"icon-wrap\">\n\t\t\t        \t\t\t        \t<i class=\"fas fa-check-circle\"><\/i>\n\t\t\t        \t\t\t\t    \t\t        <\/div> \n\n\t\t        <div class=\"content-wrap\">\n\t\t            S\u0259naye tikintisi\t\t        <\/div>\n\t\t    <\/div>\n\t    <\/div>\n\n\t    \t\t\t\t<\/div>\n\t\t\t\t<\/div>\n\t\t\t\t\t<\/div>\n\t\t<\/div>\n\t\t\t\t<div class=\"elementor-column elementor-col-25 elementor-top-column elementor-element elementor-element-4c4bd27\" data-id=\"4c4bd27\" data-element_type=\"column\">\n\t\t\t<div class=\"elementor-widget-wrap elementor-element-populated\">\n\t\t\t\t\t\t<div class=\"elementor-element elementor-element-eabe6ad elementor-widget elementor-widget-mae-list\" data-id=\"eabe6ad\" data-element_type=\"widget\" data-widget_type=\"mae-list.default\">\n\t\t\t\t<div class=\"elementor-widget-container\">\n\t\t\t\t\t\n\t\t<div class=\"master-list align-left\">\n\t\t\t<div class=\"inner\">\n\t\t        <div class=\"icon-wrap\">\n\t\t\t        \t\t\t        \t<i class=\"fas fa-check-circle\"><\/i>\n\t\t\t        \t\t\t\t    \t\t        <\/div> \n\n\t\t        <div class=\"content-wrap\">\n\t\t            Yol tikintisi\t\t        <\/div>\n\t\t    <\/div>\n\t    <\/div>\n\n\t    \t\t\t\t<\/div>\n\t\t\t\t<\/div>\n\t\t\t\t\t<\/div>\n\t\t<\/div>\n\t\t\t\t\t<\/div>\n\t\t<\/section>\n\t\t\t\t<section class=\"elementor-section elementor-top-section elementor-element elementor-element-add8502 elementor-section-boxed elementor-section-height-default elementor-section-height-default\" data-id=\"add8502\" data-element_type=\"section\">\n\t\t\t\t\t\t<div class=\"elementor-container elementor-column-gap-default\">\n\t\t\t\t\t<div class=\"elementor-column elementor-col-100 elementor-top-column elementor-element elementor-element-50448c0\" data-id=\"50448c0\" data-element_type=\"column\">\n\t\t\t<div class=\"elementor-widget-wrap\">\n\t\t\t\t\t\t\t<\/div>\n\t\t<\/div>\n\t\t\t\t\t<\/div>\n\t\t<\/section>\n\t\t\t\t<\/div>","protected":false},"excerpt":{"rendered":"<p>Our suite of integrated construction services ensures the highest degree of quality, safety, efficiency, and innovation on your projects. When you partner with Occon, you not only get innovative solutions, you get our fully vested team and a commitment to doing things right. Our relentless focus on<\/p>","protected":false},"author":2,"featured_media":0,"parent":0,"menu_order":0,"comment_status":"closed","ping_status":"closed","template":"","meta":{"footnotes":""},"class_list":["post-2499","page","type-page","status-publish","hentry"],"_links":{"self":[{"href":"https:\/\/occon.az\/az\/wp-json\/wp\/v2\/pages\/2499","targetHints":{"allow":["GET"]}}],"collection":[{"href":"https:\/\/occon.az\/az\/wp-json\/wp\/v2\/pages"}],"about":[{"href":"https:\/\/occon.az\/az\/wp-json\/wp\/v2\/types\/page"}],"author":[{"embeddable":true,"href":"https:\/\/occon.az\/az\/wp-json\/wp\/v2\/users\/2"}],"replies":[{"embeddable":true,"href":"https:\/\/occon.az\/az\/wp-json\/wp\/v2\/comments?post=2499"}],"version-history":[{"count":10,"href":"https:\/\/occon.az\/az\/wp-json\/wp\/v2\/pages\/2499\/revisions"}],"predecessor-version":[{"id":2661,"href":"https:\/\/occon.az\/az\/wp-json\/wp\/v2\/pages\/2499\/revisions\/2661"}],"wp:attachment":[{"href":"https:\/\/occon.az\/az\/wp-json\/wp\/v2\/media?parent=2499"}],"curies":[{"name":"wp","href":"https:\/\/api.w.org\/{rel}","templated":true}]}}