{"id":2500,"date":"2022-11-11T17:46:36","date_gmt":"2022-11-11T13:46:36","guid":{"rendered":"https:\/\/occon.az\/?page_id=2500"},"modified":"2022-11-14T09:42:22","modified_gmt":"2022-11-14T05:42:22","slug":"electrical-services","status":"publish","type":"page","link":"https:\/\/occon.az\/az\/electrical-services\/","title":{"rendered":"Elektrik xidm\u0259tl\u0259ri"},"content":{"rendered":"<div data-elementor-type=\"wp-page\" data-elementor-id=\"2500\" class=\"elementor elementor-2500\">\n\t\t\t\t\t\t<section class=\"elementor-section elementor-top-section elementor-element elementor-element-80715a0 elementor-section-boxed elementor-section-height-default elementor-section-height-default\" data-id=\"80715a0\" data-element_type=\"section\">\n\t\t\t\t\t\t<div class=\"elementor-container elementor-column-gap-default\">\n\t\t\t\t\t<div class=\"elementor-column elementor-col-100 elementor-top-column elementor-element elementor-element-4b4c5c3\" data-id=\"4b4c5c3\" data-element_type=\"column\">\n\t\t\t<div class=\"elementor-widget-wrap elementor-element-populated\">\n\t\t\t\t\t\t<div class=\"elementor-element elementor-element-b952566 elementor-widget elementor-widget-image\" data-id=\"b952566\" data-element_type=\"widget\" data-widget_type=\"image.default\">\n\t\t\t\t<div class=\"elementor-widget-container\">\n\t\t\t\t\t\t\t\t\t\t\t\t\t\t\t<img fetchpriority=\"high\" decoding=\"async\" width=\"1024\" height=\"427\" src=\"https:\/\/occon.az\/wp-content\/uploads\/2022\/11\/Electrical-services-1024x427.png\" class=\"attachment-large size-large wp-image-2647\" alt=\"\" srcset=\"https:\/\/occon.az\/wp-content\/uploads\/2022\/11\/Electrical-services-1024x427.png 1024w, https:\/\/occon.az\/wp-content\/uploads\/2022\/11\/Electrical-services-300x125.png 300w, https:\/\/occon.az\/wp-content\/uploads\/2022\/11\/Electrical-services-768x320.png 768w, https:\/\/occon.az\/wp-content\/uploads\/2022\/11\/Electrical-services-535x223.png 535w, https:\/\/occon.az\/wp-content\/uploads\/2022\/11\/Electrical-services.png 1440w\" sizes=\"(max-width: 1024px) 100vw, 1024px\" \/>\t\t\t\t\t\t\t\t\t\t\t\t\t\t\t<\/div>\n\t\t\t\t<\/div>\n\t\t\t\t<div class=\"elementor-element elementor-element-5b25336 elementor-widget elementor-widget-spacer\" data-id=\"5b25336\" data-element_type=\"widget\" data-widget_type=\"spacer.default\">\n\t\t\t\t<div class=\"elementor-widget-container\">\n\t\t\t\t\t\t\t<div class=\"elementor-spacer\">\n\t\t\t<div class=\"elementor-spacer-inner\"><\/div>\n\t\t<\/div>\n\t\t\t\t\t\t<\/div>\n\t\t\t\t<\/div>\n\t\t\t\t<div class=\"elementor-element elementor-element-f085657 elementor-widget elementor-widget-mae-list\" data-id=\"f085657\" data-element_type=\"widget\" data-widget_type=\"mae-list.default\">\n\t\t\t\t<div class=\"elementor-widget-container\">\n\t\t\t\t\t\n\t\t<div class=\"master-list align-left\">\n\t\t\t<div class=\"inner\">\n\t\t        <div class=\"icon-wrap\">\n\t\t\t        \t\t\t        \t<i class=\"\"><\/i>\n\t\t\t        \t\t\t\t    \t\t        <\/div> \n\n\t\t        <div class=\"content-wrap\">\n\t\t            Elektrik i\u015fl\u0259ri m\u00fcr\u0259kk\u0259b v\u0259 t\u0259hl\u00fck\u0259li ola bil\u0259r.\t\t        <\/div>\n\t\t    <\/div>\n\t    <\/div>\n\n\t    \t\t\t\t<\/div>\n\t\t\t\t<\/div>\n\t\t\t\t<div class=\"elementor-element elementor-element-1b5ba94 elementor-widget elementor-widget-mae-list\" data-id=\"1b5ba94\" data-element_type=\"widget\" data-widget_type=\"mae-list.default\">\n\t\t\t\t<div class=\"elementor-widget-container\">\n\t\t\t\t\t\n\t\t<div class=\"master-list align-left\">\n\t\t\t<div class=\"inner\">\n\t\t        <div class=\"icon-wrap\">\n\t\t\t        \t\t\t        \t<i class=\"\"><\/i>\n\t\t\t        \t\t\t\t    \t\t        <\/div> \n\n\t\t        <div class=\"content-wrap\">\n\t\t            Bizim y\u00fcks\u0259k t\u0259lim ke\u00e7mi\u015f pe\u015f\u0259kar m\u00fct\u0259x\u0259ssisl\u0259rimiz layih\u0259nizi h\u0259yata ke\u00e7irm\u0259y\u0259 k\u00f6m\u0259k etm\u0259k \u00fc\u00e7\u00fcn \u0259ks\u0259r elektrik i\u015fl\u0259rind\u0259 t\u0259cr\u00fcb\u0259l\u0259rini t\u0259klif ed\u0259 bil\u0259rl\u0259r. Sad\u0259 t\u0259mird\u0259n, t\u0259kmill\u0259\u015fdirm\u0259l\u0259rd\u0259n, yoxlamalardan v\u0259 qura\u015fd\u0131rmalardan tutmu\u015f \u0259sas yenid\u0259nqurma layih\u0259l\u0259rin\u0259 q\u0259d\u0259r b\u00fct\u00fcn elektrik i\u015fl\u0259rinin ixtisasl\u0131 m\u00fct\u0259x\u0259ssisl\u0259r t\u0259r\u0259find\u0259n qiym\u0259tl\u0259ndiril\u0259c\u0259yini v\u0259 yerin\u0259 yetiril\u0259c\u0259yini bilm\u0259kl\u0259 rahat ola bil\u0259rsiniz.\t\t        <\/div>\n\t\t    <\/div>\n\t    <\/div>\n\n\t    \t\t\t\t<\/div>\n\t\t\t\t<\/div>\n\t\t\t\t<div class=\"elementor-element elementor-element-886c58c elementor-widget elementor-widget-mae-list\" data-id=\"886c58c\" data-element_type=\"widget\" data-widget_type=\"mae-list.default\">\n\t\t\t\t<div class=\"elementor-widget-container\">\n\t\t\t\t\t\n\t\t<div class=\"master-list align-left\">\n\t\t\t<div class=\"inner\">\n\t\t        <div class=\"icon-wrap\">\n\t\t\t        \t\t\t        \t<i class=\"\"><\/i>\n\t\t\t        \t\t\t\t    \t\t        <\/div> \n\n\t\t        <div class=\"content-wrap\">\n\t\t            \u015eirk\u0259timiz geni\u015f \u00e7e\u015fidli xidm\u0259tl\u0259r t\u0259klif edir, o c\u00fcml\u0259d\u0259n:\t\t        <\/div>\n\t\t    <\/div>\n\t    <\/div>\n\n\t    \t\t\t\t<\/div>\n\t\t\t\t<\/div>\n\t\t\t\t\t<\/div>\n\t\t<\/div>\n\t\t\t\t\t<\/div>\n\t\t<\/section>\n\t\t\t\t<section class=\"elementor-section elementor-top-section elementor-element elementor-element-90e6100 elementor-section-boxed elementor-section-height-default elementor-section-height-default\" data-id=\"90e6100\" data-element_type=\"section\">\n\t\t\t\t\t\t<div class=\"elementor-container elementor-column-gap-default\">\n\t\t\t\t\t<div class=\"elementor-column elementor-col-100 elementor-top-column elementor-element elementor-element-918ffe0\" data-id=\"918ffe0\" data-element_type=\"column\">\n\t\t\t<div class=\"elementor-widget-wrap elementor-element-populated\">\n\t\t\t\t\t\t<div class=\"elementor-element elementor-element-cc98975 elementor-widget elementor-widget-mae-list\" data-id=\"cc98975\" data-element_type=\"widget\" data-widget_type=\"mae-list.default\">\n\t\t\t\t<div class=\"elementor-widget-container\">\n\t\t\t\t\t\n\t\t<div class=\"master-list align-left\">\n\t\t\t<div class=\"inner\">\n\t\t        <div class=\"icon-wrap\">\n\t\t\t        \t\t\t        \t<i class=\"fas fa-check-circle\"><\/i>\n\t\t\t        \t\t\t\t    \t\t        <\/div> \n\n\t\t        <div class=\"content-wrap\">\n\t\t            T\u0259mir, yenid\u0259nqurma v\u0259 t\u0259kmill\u0259\u015fdirm\u0259l\u0259r\t\t        <\/div>\n\t\t    <\/div>\n\t    <\/div>\n\n\t    \t\t\t\t<\/div>\n\t\t\t\t<\/div>\n\t\t\t\t<div class=\"elementor-element elementor-element-97d0087 elementor-widget elementor-widget-mae-list\" data-id=\"97d0087\" data-element_type=\"widget\" data-widget_type=\"mae-list.default\">\n\t\t\t\t<div class=\"elementor-widget-container\">\n\t\t\t\t\t\n\t\t<div class=\"master-list align-left\">\n\t\t\t<div class=\"inner\">\n\t\t        <div class=\"icon-wrap\">\n\t\t\t        \t\t\t        \t<i class=\"fas fa-check-circle\"><\/i>\n\t\t\t        \t\t\t\t    \t\t        <\/div> \n\n\t\t        <div class=\"content-wrap\">\n\t\t            Elektrik t\u0259hl\u00fck\u0259sizliyi yoxlamalar\u0131\t\t        <\/div>\n\t\t    <\/div>\n\t    <\/div>\n\n\t    \t\t\t\t<\/div>\n\t\t\t\t<\/div>\n\t\t\t\t<div class=\"elementor-element elementor-element-725df67 elementor-widget elementor-widget-mae-list\" data-id=\"725df67\" data-element_type=\"widget\" data-widget_type=\"mae-list.default\">\n\t\t\t\t<div class=\"elementor-widget-container\">\n\t\t\t\t\t\n\t\t<div class=\"master-list align-left\">\n\t\t\t<div class=\"inner\">\n\t\t        <div class=\"icon-wrap\">\n\t\t\t        \t\t\t        \t<i class=\"fas fa-check-circle\"><\/i>\n\t\t\t        \t\t\t\t    \t\t        <\/div> \n\n\t\t        <div class=\"content-wrap\">\n\t\t            Naqil i\u015fl\u0259ri\t\t        <\/div>\n\t\t    <\/div>\n\t    <\/div>\n\n\t    \t\t\t\t<\/div>\n\t\t\t\t<\/div>\n\t\t\t\t<div class=\"elementor-element elementor-element-b864824 elementor-widget elementor-widget-mae-list\" data-id=\"b864824\" data-element_type=\"widget\" data-widget_type=\"mae-list.default\">\n\t\t\t\t<div class=\"elementor-widget-container\">\n\t\t\t\t\t\n\t\t<div class=\"master-list align-left\">\n\t\t\t<div class=\"inner\">\n\t\t        <div class=\"icon-wrap\">\n\t\t\t        \t\t\t        \t<i class=\"fas fa-check-circle\"><\/i>\n\t\t\t        \t\t\t\t    \t\t        <\/div> \n\n\t\t        <div class=\"content-wrap\">\n\t\t            Daxili v\u0259 xarici i\u015f\u0131qland\u0131rma\t\t        <\/div>\n\t\t    <\/div>\n\t    <\/div>\n\n\t    \t\t\t\t<\/div>\n\t\t\t\t<\/div>\n\t\t\t\t<div class=\"elementor-element elementor-element-93253e9 elementor-widget elementor-widget-mae-list\" data-id=\"93253e9\" data-element_type=\"widget\" data-widget_type=\"mae-list.default\">\n\t\t\t\t<div class=\"elementor-widget-container\">\n\t\t\t\t\t\n\t\t<div class=\"master-list align-left\">\n\t\t\t<div class=\"inner\">\n\t\t        <div class=\"icon-wrap\">\n\t\t\t        \t\t\t        \t<i class=\"fas fa-check-circle\"><\/i>\n\t\t\t        \t\t\t\t    \t\t        <\/div> \n\n\t\t        <div class=\"content-wrap\">\n\t\t            M\u00f6vcud elektrik sisteml\u0259rind\u0259 nasazl\u0131qlar\u0131n aradan qald\u0131r\u0131lmas\u0131 v\u0259 t\u0259miri\t\t        <\/div>\n\t\t    <\/div>\n\t    <\/div>\n\n\t    \t\t\t\t<\/div>\n\t\t\t\t<\/div>\n\t\t\t\t<div class=\"elementor-element elementor-element-679b316 elementor-widget elementor-widget-mae-list\" data-id=\"679b316\" data-element_type=\"widget\" data-widget_type=\"mae-list.default\">\n\t\t\t\t<div class=\"elementor-widget-container\">\n\t\t\t\t\t\n\t\t<div class=\"master-list align-left\">\n\t\t\t<div class=\"inner\">\n\t\t        <div class=\"icon-wrap\">\n\t\t\t        \t\t\t        \t<i class=\"fas fa-check-circle\"><\/i>\n\t\t\t        \t\t\t\t    \t\t        <\/div> \n\n\t\t        <div class=\"content-wrap\">\n\t\t            M\u00f6vcud Elektrik Xidm\u0259tinin v\u0259 Paylanmas\u0131n\u0131n T\u0259kmill\u0259\u015fdirilm\u0259si\t\t        <\/div>\n\t\t    <\/div>\n\t    <\/div>\n\n\t    \t\t\t\t<\/div>\n\t\t\t\t<\/div>\n\t\t\t\t\t<\/div>\n\t\t<\/div>\n\t\t\t\t\t<\/div>\n\t\t<\/section>\n\t\t\t\t<section class=\"elementor-section elementor-top-section elementor-element elementor-element-c3e5dc8 elementor-section-boxed elementor-section-height-default elementor-section-height-default\" data-id=\"c3e5dc8\" data-element_type=\"section\">\n\t\t\t\t\t\t<div class=\"elementor-container elementor-column-gap-default\">\n\t\t\t\t\t<div class=\"elementor-column elementor-col-100 elementor-top-column elementor-element elementor-element-3ec786e\" data-id=\"3ec786e\" data-element_type=\"column\">\n\t\t\t<div class=\"elementor-widget-wrap elementor-element-populated\">\n\t\t\t\t\t\t<div class=\"elementor-element elementor-element-24d628e elementor-widget elementor-widget-mae-list\" data-id=\"24d628e\" data-element_type=\"widget\" data-widget_type=\"mae-list.default\">\n\t\t\t\t<div class=\"elementor-widget-container\">\n\t\t\t\t\t\n\t\t<div class=\"master-list align-left\">\n\t\t\t<div class=\"inner\">\n\t\t        <div class=\"icon-wrap\">\n\t\t\t        \t\t\t        \t<i class=\"\"><\/i>\n\t\t\t        \t\t\t\t    \t\t        <\/div> \n\n\t\t        <div class=\"content-wrap\">\n\t\t            Bizim \u00e7oxillik t\u0259cr\u00fcb\u0259miz, m\u00fcxt\u0259lif v\u0259 x\u00fcsusi xidm\u0259tl\u0259rimizl\u0259 yana\u015f\u0131, p\u0259rak\u0259nd\u0259 sat\u0131\u015f m\u0259rk\u0259zl\u0259ri, \u0259rzaq ma\u011fazalar\u0131, pe\u015f\u0259kar ofisl\u0259r, banklar, kils\u0259l\u0259r, avtosalonlar v\u0259 icar\u0259\u00e7i kompleksl\u0259ri \u00fc\u00e7\u00fcn kommersiya layih\u0259l\u0259rini, el\u0259c\u0259 d\u0259 y\u00fczl\u0259rl\u0259 s\u0259naye layih\u0259l\u0259rini u\u011furla ba\u015fa \u00e7atd\u0131rma\u011fa imkan vermi\u015fdir. \u0130stehsal, qabla\u015fd\u0131rma, qida emal\u0131 v\u0259 texnologiya \u015firk\u0259tl\u0259ri \u00fc\u00e7\u00fcn.\t\t        <\/div>\n\t\t    <\/div>\n\t    <\/div>\n\n\t    \t\t\t\t<\/div>\n\t\t\t\t<\/div>\n\t\t\t\t<div class=\"elementor-element elementor-element-8a2c932 elementor-widget elementor-widget-mae-list\" data-id=\"8a2c932\" data-element_type=\"widget\" data-widget_type=\"mae-list.default\">\n\t\t\t\t<div class=\"elementor-widget-container\">\n\t\t\t\t\t\n\t\t<div class=\"master-list align-left\">\n\t\t\t<div class=\"inner\">\n\t\t        <div class=\"icon-wrap\">\n\t\t\t        \t\t\t        \t<i class=\"\"><\/i>\n\t\t\t        \t\t\t\t    \t\t        <\/div> \n\n\t\t        <div class=\"content-wrap\">\n\t\t            Tam dizayn\/qurma xidm\u0259timiz biz\u0259 m\u00fc\u015ft\u0259ril\u0259rimiz \u00fc\u00e7\u00fcn layih\u0259l\u0259ri vaxt\u0131nda v\u0259 s\u0259rf\u0259li \u015f\u0259kild\u0259 u\u011furla layih\u0259l\u0259ndirm\u0259y\u0259, planla\u015fd\u0131rma\u011fa v\u0259 ba\u015fa \u00e7atd\u0131rma\u011fa imkan verir. Biz elektrik xidm\u0259tl\u0259ri, el\u0259c\u0259 d\u0259 elektrik t\u0259kmill\u0259\u015fdirm\u0259, \u0259lav\u0259l\u0259r v\u0259 t\u0259mir xidm\u0259tl\u0259ri t\u0259klif edirik.\t\t        <\/div>\n\t\t    <\/div>\n\t    <\/div>\n\n\t    \t\t\t\t<\/div>\n\t\t\t\t<\/div>\n\t\t\t\t<div class=\"elementor-element elementor-element-f1fbfab elementor-widget elementor-widget-mae-list\" data-id=\"f1fbfab\" data-element_type=\"widget\" data-widget_type=\"mae-list.default\">\n\t\t\t\t<div class=\"elementor-widget-container\">\n\t\t\t\t\t\n\t\t<div class=\"master-list align-left\">\n\t\t\t<div class=\"inner\">\n\t\t        <div class=\"icon-wrap\">\n\t\t\t        \t\t\t        \t<i class=\"\"><\/i>\n\t\t\t        \t\t\t\t    \t\t        <\/div> \n\n\t\t        <div class=\"content-wrap\">\n\t\t            Occon t\u0259hl\u00fck\u0259sizlik, keyfiyy\u0259t v\u0259 etibarl\u0131l\u0131\u011fa sadiqdir. Biz t\u0259hl\u00fck\u0259sizlik standartlar\u0131na riay\u0259t edirik v\u0259 b\u00fct\u00fcn v\u0259 yerli t\u0259hl\u00fck\u0259sizlik qaydalar\u0131na cavab veririk.\t\t        <\/div>\n\t\t    <\/div>\n\t    <\/div>\n\n\t    \t\t\t\t<\/div>\n\t\t\t\t<\/div>\n\t\t\t\t\t<\/div>\n\t\t<\/div>\n\t\t\t\t\t<\/div>\n\t\t<\/section>\n\t\t\t\t<\/div>","protected":false},"excerpt":{"rendered":"<p>Electrical work can be complicated and dangerous. Our highly trained professional specialists can offer expertise in most types of electrical work to help keep your project. From simple repairs, upgrades, inspections and installations to major rewiring projects. You can rest easy knowing that all electrical work will<\/p>","protected":false},"author":2,"featured_media":0,"parent":0,"menu_order":0,"comment_status":"closed","ping_status":"closed","template":"","meta":{"footnotes":""},"class_list":["post-2500","page","type-page","status-publish","hentry"],"_links":{"self":[{"href":"https:\/\/occon.az\/az\/wp-json\/wp\/v2\/pages\/2500","targetHints":{"allow":["GET"]}}],"collection":[{"href":"https:\/\/occon.az\/az\/wp-json\/wp\/v2\/pages"}],"about":[{"href":"https:\/\/occon.az\/az\/wp-json\/wp\/v2\/types\/page"}],"author":[{"embeddable":true,"href":"https:\/\/occon.az\/az\/wp-json\/wp\/v2\/users\/2"}],"replies":[{"embeddable":true,"href":"https:\/\/occon.az\/az\/wp-json\/wp\/v2\/comments?post=2500"}],"version-history":[{"count":7,"href":"https:\/\/occon.az\/az\/wp-json\/wp\/v2\/pages\/2500\/revisions"}],"predecessor-version":[{"id":2664,"href":"https:\/\/occon.az\/az\/wp-json\/wp\/v2\/pages\/2500\/revisions\/2664"}],"wp:attachment":[{"href":"https:\/\/occon.az\/az\/wp-json\/wp\/v2\/media?parent=2500"}],"curies":[{"name":"wp","href":"https:\/\/api.w.org\/{rel}","templated":true}]}}