{"id":2501,"date":"2022-11-11T17:46:49","date_gmt":"2022-11-11T13:46:49","guid":{"rendered":"https:\/\/occon.az\/?page_id=2501"},"modified":"2022-11-14T09:43:25","modified_gmt":"2022-11-14T05:43:25","slug":"heating-ventilation-and-plumbing-services","status":"publish","type":"page","link":"https:\/\/occon.az\/az\/heating-ventilation-and-plumbing-services\/","title":{"rendered":"\u0130stilik, havaland\u0131rma v\u0259 santexnika xidm\u0259tl\u0259ri"},"content":{"rendered":"<div data-elementor-type=\"wp-page\" data-elementor-id=\"2501\" class=\"elementor elementor-2501\">\n\t\t\t\t\t\t<section class=\"elementor-section elementor-top-section elementor-element elementor-element-a2bb6d8 elementor-section-boxed elementor-section-height-default elementor-section-height-default\" data-id=\"a2bb6d8\" data-element_type=\"section\">\n\t\t\t\t\t\t<div class=\"elementor-container elementor-column-gap-default\">\n\t\t\t\t\t<div class=\"elementor-column elementor-col-100 elementor-top-column elementor-element elementor-element-69bb28f\" data-id=\"69bb28f\" data-element_type=\"column\">\n\t\t\t<div class=\"elementor-widget-wrap elementor-element-populated\">\n\t\t\t\t\t\t<div class=\"elementor-element elementor-element-eafe2bd elementor-widget elementor-widget-image\" data-id=\"eafe2bd\" data-element_type=\"widget\" data-widget_type=\"image.default\">\n\t\t\t\t<div class=\"elementor-widget-container\">\n\t\t\t\t\t\t\t\t\t\t\t\t\t\t\t<img fetchpriority=\"high\" decoding=\"async\" width=\"1024\" height=\"427\" src=\"https:\/\/occon.az\/wp-content\/uploads\/2022\/11\/Heating-ventilation-and-plumbing-services-1024x427.png\" class=\"attachment-large size-large wp-image-2651\" alt=\"\" srcset=\"https:\/\/occon.az\/wp-content\/uploads\/2022\/11\/Heating-ventilation-and-plumbing-services-1024x427.png 1024w, https:\/\/occon.az\/wp-content\/uploads\/2022\/11\/Heating-ventilation-and-plumbing-services-300x125.png 300w, https:\/\/occon.az\/wp-content\/uploads\/2022\/11\/Heating-ventilation-and-plumbing-services-768x320.png 768w, https:\/\/occon.az\/wp-content\/uploads\/2022\/11\/Heating-ventilation-and-plumbing-services-535x223.png 535w, https:\/\/occon.az\/wp-content\/uploads\/2022\/11\/Heating-ventilation-and-plumbing-services.png 1440w\" sizes=\"(max-width: 1024px) 100vw, 1024px\" \/>\t\t\t\t\t\t\t\t\t\t\t\t\t\t\t<\/div>\n\t\t\t\t<\/div>\n\t\t\t\t<div class=\"elementor-element elementor-element-c9ea5fe elementor-widget elementor-widget-spacer\" data-id=\"c9ea5fe\" data-element_type=\"widget\" data-widget_type=\"spacer.default\">\n\t\t\t\t<div class=\"elementor-widget-container\">\n\t\t\t\t\t\t\t<div class=\"elementor-spacer\">\n\t\t\t<div class=\"elementor-spacer-inner\"><\/div>\n\t\t<\/div>\n\t\t\t\t\t\t<\/div>\n\t\t\t\t<\/div>\n\t\t\t\t<div class=\"elementor-element elementor-element-20529e1 elementor-widget elementor-widget-mae-list\" data-id=\"20529e1\" data-element_type=\"widget\" data-widget_type=\"mae-list.default\">\n\t\t\t\t<div class=\"elementor-widget-container\">\n\t\t\t\t\t\n\t\t<div class=\"master-list align-left\">\n\t\t\t<div class=\"inner\">\n\t\t        <div class=\"icon-wrap\">\n\t\t\t        \t\t\t        \t<i class=\"\"><\/i>\n\t\t\t        \t\t\t\t    \t\t        <\/div> \n\n\t\t        <div class=\"content-wrap\">\n\t\t            M\u00fct\u0259x\u0259ssis komandam\u0131z santexnika, qaz x\u0259tl\u0259ri, elektrik su q\u0131zd\u0131r\u0131c\u0131lar\u0131 v\u0259 ya istilik nasoslar\u0131n\u0131n su q\u0131zd\u0131r\u0131c\u0131s\u0131 \u00fc\u00e7\u00fcn daxil olan v\u0259 \u00e7\u0131xan borular\u0131n qura\u015fd\u0131r\u0131lmas\u0131 i\u015fl\u0259rini yerin\u0259 yetir\u0259 bil\u0259r.\t\t        <\/div>\n\t\t    <\/div>\n\t    <\/div>\n\n\t    \t\t\t\t<\/div>\n\t\t\t\t<\/div>\n\t\t\t\t<div class=\"elementor-element elementor-element-1fae6ca elementor-widget elementor-widget-mae-list\" data-id=\"1fae6ca\" data-element_type=\"widget\" data-widget_type=\"mae-list.default\">\n\t\t\t\t<div class=\"elementor-widget-container\">\n\t\t\t\t\t\n\t\t<div class=\"master-list align-left\">\n\t\t\t<div class=\"inner\">\n\t\t        <div class=\"icon-wrap\">\n\t\t\t        \t\t\t        \t<i class=\"\"><\/i>\n\t\t\t        \t\t\t\t    \t\t        <\/div> \n\n\t\t        <div class=\"content-wrap\">\n\t\t            Kondisionerinizin qura\u015fd\u0131r\u0131lmas\u0131 v\u0259 ya t\u0259mirini biz\u0259 etibar ed\u0259 bil\u0259rsiniz. Biz h\u0259m\u00e7inin mexaniki ventilyasiya \u00fczr\u0259 ixtisasla\u015fm\u0131\u015f\u0131q v\u0259 ist\u0259nil\u0259n binan\u0131n daxilind\u0259 hava m\u00fcbadil\u0259si v\u0259 sirkulyasiya sistemi qura bil\u0259rik. Texnikl\u0259rimiz layih\u0259niz \u00fc\u00e7\u00fcn \u0259n uy\u011fun v\u0259 effektiv ventilyasiya h\u0259llini se\u00e7m\u0259kd\u0259 siz\u0259 m\u0259sl\u0259h\u0259t ver\u0259c\u0259k v\u0259 r\u0259hb\u0259rlik ed\u0259c\u0259k.\t\t        <\/div>\n\t\t    <\/div>\n\t    <\/div>\n\n\t    \t\t\t\t<\/div>\n\t\t\t\t<\/div>\n\t\t\t\t<div class=\"elementor-element elementor-element-77b8169 elementor-widget elementor-widget-mae-list\" data-id=\"77b8169\" data-element_type=\"widget\" data-widget_type=\"mae-list.default\">\n\t\t\t\t<div class=\"elementor-widget-container\">\n\t\t\t\t\t\n\t\t<div class=\"master-list align-left\">\n\t\t\t<div class=\"inner\">\n\t\t        <div class=\"icon-wrap\">\n\t\t\t        \t\t\t        \t<i class=\"\"><\/i>\n\t\t\t        \t\t\t\t    \t\t        <\/div> \n\n\t\t        <div class=\"content-wrap\">\n\t\t            Y\u00fcks\u0259k keyfiyy\u0259tli i\u015fl\u0259r\u0259 nail olmaq \u00fc\u00e7\u00fcn konkret layih\u0259l\u0259riniz\u0259 uy\u011funla\u015fd\u0131r\u0131lm\u0131\u015f texnika v\u0259 metodlardan istifad\u0259 edirik. T\u0259qdim etdiyimiz b\u00fct\u00fcn xidm\u0259tl\u0259r m\u00fck\u0259mm\u0259l \u015f\u0259kild\u0259 h\u0259yata ke\u00e7irilir v\u0259 q\u00fcsursuz bitirm\u0259l\u0259ri v\u0259 komandam\u0131z\u0131n bacar\u0131ql\u0131l\u0131\u011f\u0131 say\u0259sind\u0259 se\u00e7ilir.\t\t        <\/div>\n\t\t    <\/div>\n\t    <\/div>\n\n\t    \t\t\t\t<\/div>\n\t\t\t\t<\/div>\n\t\t\t\t\t<\/div>\n\t\t<\/div>\n\t\t\t\t\t<\/div>\n\t\t<\/section>\n\t\t\t\t<section class=\"elementor-section elementor-top-section elementor-element elementor-element-1869369 elementor-section-boxed elementor-section-height-default elementor-section-height-default\" data-id=\"1869369\" data-element_type=\"section\">\n\t\t\t\t\t\t<div class=\"elementor-container elementor-column-gap-default\">\n\t\t\t\t\t<div class=\"elementor-column elementor-col-100 elementor-top-column elementor-element elementor-element-94de8bd\" data-id=\"94de8bd\" data-element_type=\"column\">\n\t\t\t<div class=\"elementor-widget-wrap\">\n\t\t\t\t\t\t\t<\/div>\n\t\t<\/div>\n\t\t\t\t\t<\/div>\n\t\t<\/section>\n\t\t\t\t<\/div>","protected":false},"excerpt":{"rendered":"<p>Our team of experts can do the incoming and outgoing pipe fitting work for plumbing, gas lines, electric water heaters or heat pumps water heater. You can trust us with the installation or repair of your air conditioning. We also specialize in mechanical ventilation and can install<\/p>","protected":false},"author":2,"featured_media":0,"parent":0,"menu_order":0,"comment_status":"closed","ping_status":"closed","template":"","meta":{"footnotes":""},"class_list":["post-2501","page","type-page","status-publish","hentry"],"_links":{"self":[{"href":"https:\/\/occon.az\/az\/wp-json\/wp\/v2\/pages\/2501","targetHints":{"allow":["GET"]}}],"collection":[{"href":"https:\/\/occon.az\/az\/wp-json\/wp\/v2\/pages"}],"about":[{"href":"https:\/\/occon.az\/az\/wp-json\/wp\/v2\/types\/page"}],"author":[{"embeddable":true,"href":"https:\/\/occon.az\/az\/wp-json\/wp\/v2\/users\/2"}],"replies":[{"embeddable":true,"href":"https:\/\/occon.az\/az\/wp-json\/wp\/v2\/comments?post=2501"}],"version-history":[{"count":7,"href":"https:\/\/occon.az\/az\/wp-json\/wp\/v2\/pages\/2501\/revisions"}],"predecessor-version":[{"id":2667,"href":"https:\/\/occon.az\/az\/wp-json\/wp\/v2\/pages\/2501\/revisions\/2667"}],"wp:attachment":[{"href":"https:\/\/occon.az\/az\/wp-json\/wp\/v2\/media?parent=2501"}],"curies":[{"name":"wp","href":"https:\/\/api.w.org\/{rel}","templated":true}]}}