{"id":2502,"date":"2022-11-11T17:47:13","date_gmt":"2022-11-11T13:47:13","guid":{"rendered":"https:\/\/occon.az\/?page_id=2502"},"modified":"2022-11-14T09:44:18","modified_gmt":"2022-11-14T05:44:18","slug":"fit-out-works-external-and-internal","status":"publish","type":"page","link":"https:\/\/occon.az\/az\/fit-out-works-external-and-internal\/","title":{"rendered":"Qura\u015fd\u0131rma i\u015fl\u0259ri (xarici v\u0259 daxili)"},"content":{"rendered":"<div data-elementor-type=\"wp-page\" data-elementor-id=\"2502\" class=\"elementor elementor-2502\">\n\t\t\t\t\t\t<section class=\"elementor-section elementor-top-section elementor-element elementor-element-5c53d44 elementor-section-boxed elementor-section-height-default elementor-section-height-default\" data-id=\"5c53d44\" data-element_type=\"section\">\n\t\t\t\t\t\t<div class=\"elementor-container elementor-column-gap-default\">\n\t\t\t\t\t<div class=\"elementor-column elementor-col-100 elementor-top-column elementor-element elementor-element-36b8d2f\" data-id=\"36b8d2f\" data-element_type=\"column\">\n\t\t\t<div class=\"elementor-widget-wrap elementor-element-populated\">\n\t\t\t\t\t\t<div class=\"elementor-element elementor-element-bd03a5e elementor-widget elementor-widget-image\" data-id=\"bd03a5e\" data-element_type=\"widget\" data-widget_type=\"image.default\">\n\t\t\t\t<div class=\"elementor-widget-container\">\n\t\t\t\t\t\t\t\t\t\t\t\t\t\t\t<img fetchpriority=\"high\" decoding=\"async\" width=\"1024\" height=\"427\" src=\"https:\/\/occon.az\/wp-content\/uploads\/2022\/11\/Fit-out-works-external-and-internal-1024x427.png\" class=\"attachment-large size-large wp-image-2649\" alt=\"\" srcset=\"https:\/\/occon.az\/wp-content\/uploads\/2022\/11\/Fit-out-works-external-and-internal-1024x427.png 1024w, https:\/\/occon.az\/wp-content\/uploads\/2022\/11\/Fit-out-works-external-and-internal-300x125.png 300w, https:\/\/occon.az\/wp-content\/uploads\/2022\/11\/Fit-out-works-external-and-internal-768x320.png 768w, https:\/\/occon.az\/wp-content\/uploads\/2022\/11\/Fit-out-works-external-and-internal-535x223.png 535w, https:\/\/occon.az\/wp-content\/uploads\/2022\/11\/Fit-out-works-external-and-internal.png 1440w\" sizes=\"(max-width: 1024px) 100vw, 1024px\" \/>\t\t\t\t\t\t\t\t\t\t\t\t\t\t\t<\/div>\n\t\t\t\t<\/div>\n\t\t\t\t<div class=\"elementor-element elementor-element-56aedf5 elementor-widget elementor-widget-spacer\" data-id=\"56aedf5\" data-element_type=\"widget\" data-widget_type=\"spacer.default\">\n\t\t\t\t<div class=\"elementor-widget-container\">\n\t\t\t\t\t\t\t<div class=\"elementor-spacer\">\n\t\t\t<div class=\"elementor-spacer-inner\"><\/div>\n\t\t<\/div>\n\t\t\t\t\t\t<\/div>\n\t\t\t\t<\/div>\n\t\t\t\t<div class=\"elementor-element elementor-element-2e41276 elementor-widget elementor-widget-mae-list\" data-id=\"2e41276\" data-element_type=\"widget\" data-widget_type=\"mae-list.default\">\n\t\t\t\t<div class=\"elementor-widget-container\">\n\t\t\t\t\t\n\t\t<div class=\"master-list align-left\">\n\t\t\t<div class=\"inner\">\n\t\t        <div class=\"icon-wrap\">\n\t\t\t        \t\t\t        \t<i class=\"\"><\/i>\n\t\t\t        \t\t\t\t    \t\t        <\/div> \n\n\t\t        <div class=\"content-wrap\">\n\t\t            Burada, Occon-da biz qab\u0131q v\u0259 \u0259sas, uy\u011funluq t\u0259min edir v\u0259 y\u00fcks\u0259k funksional m\u0259kan yaratmaq \u00fc\u00e7\u00fcn t\u0259rtibat\u00e7\u0131, ev sahibi v\u0259 ya son istifad\u0259\u00e7i olma\u011f\u0131n\u0131zdan as\u0131l\u0131 olmayaraq m\u00fc\u015ft\u0259ril\u0259rimizl\u0259 s\u0131x \u0259m\u0259kda\u015fl\u0131q edirik.\t\t        <\/div>\n\t\t    <\/div>\n\t    <\/div>\n\n\t    \t\t\t\t<\/div>\n\t\t\t\t<\/div>\n\t\t\t\t<div class=\"elementor-element elementor-element-941cd71 elementor-widget elementor-widget-mae-list\" data-id=\"941cd71\" data-element_type=\"widget\" data-widget_type=\"mae-list.default\">\n\t\t\t\t<div class=\"elementor-widget-container\">\n\t\t\t\t\t\n\t\t<div class=\"master-list align-left\">\n\t\t\t<div class=\"inner\">\n\t\t        <div class=\"icon-wrap\">\n\t\t\t        \t\t\t        \t<i class=\"\"><\/i>\n\t\t\t        \t\t\t\t    \t\t        <\/div> \n\n\t\t        <div class=\"content-wrap\">\n\t\t            Biz yard\u0131m v\u0259 m\u0259sl\u0259h\u0259t v\u0259 pe\u015f\u0259kar layih\u0259 idar\u0259\u00e7iliyi t\u0259qdim edirik ki, ilk d\u0259f\u0259 uy\u011funla\u015fma \u015firk\u0259ti il\u0259 m\u0259\u015f\u011ful olan \u015firk\u0259tl\u0259r \u00fc\u00e7\u00fcn onu \u0259ng\u0259lsiz edirik.\t\t        <\/div>\n\t\t    <\/div>\n\t    <\/div>\n\n\t    \t\t\t\t<\/div>\n\t\t\t\t<\/div>\n\t\t\t\t<div class=\"elementor-element elementor-element-9885a64 elementor-widget elementor-widget-mae-list\" data-id=\"9885a64\" data-element_type=\"widget\" data-widget_type=\"mae-list.default\">\n\t\t\t\t<div class=\"elementor-widget-container\">\n\t\t\t\t\t\n\t\t<div class=\"master-list align-left\">\n\t\t\t<div class=\"inner\">\n\t\t        <div class=\"icon-wrap\">\n\t\t\t        \t\t\t        \t<i class=\"\"><\/i>\n\t\t\t        \t\t\t\t    \t\t        <\/div> \n\n\t\t        <div class=\"content-wrap\">\n\t\t            Ofisin abadla\u015fd\u0131r\u0131lmas\u0131 il\u0259 ofisin t\u0259miri aras\u0131ndak\u0131 f\u0259rq ondan ibar\u0259tdir ki, qura\u015fd\u0131rma yeni ofis sah\u0259sin\u0259 apar\u0131l\u0131r v\u0259 t\u0259mir m\u00f6vcud ofisinizin t\u0259miri il\u0259 \u0259laq\u0259dard\u0131r. \u018ftrafl\u0131 m\u0259lumat \u00fc\u00e7\u00fcn ofis t\u0259miri il\u0259 ba\u011fl\u0131 praktik b\u0259l\u0259d\u00e7imiz\u0259 n\u0259z\u0259r sal\u0131n.\t\t        <\/div>\n\t\t    <\/div>\n\t    <\/div>\n\n\t    \t\t\t\t<\/div>\n\t\t\t\t<\/div>\n\t\t\t\t<div class=\"elementor-element elementor-element-211008e elementor-widget elementor-widget-mae-list\" data-id=\"211008e\" data-element_type=\"widget\" data-widget_type=\"mae-list.default\">\n\t\t\t\t<div class=\"elementor-widget-container\">\n\t\t\t\t\t\n\t\t<div class=\"master-list align-left\">\n\t\t\t<div class=\"inner\">\n\t\t        <div class=\"icon-wrap\">\n\t\t\t        \t\t\t        \t<i class=\"\"><\/i>\n\t\t\t        \t\t\t\t    \t\t        <\/div> \n\n\t\t        <div class=\"content-wrap\">\n\t\t            Obyektl\u0259riniz k\u00f6hn\u0259ldikd\u0259, bu yax\u0131nlarda geni\u015fl\u0259ndirildikd\u0259 v\u0259 ya m\u00fcqavil\u0259 ba\u011flad\u0131\u011f\u0131n\u0131zda v\u0259 ya i\u015f\u00e7il\u0259rin \u0259hval-ruhiyy\u0259sini y\u00fcks\u0259ltm\u0259k \u00fc\u00e7\u00fcn sad\u0259c\u0259 olaraq daha \u00e7ox ruhland\u0131r\u0131c\u0131 ofis dizayn\u0131na ehtiyac\u0131n\u0131z olduqda ofisin qura\u015fd\u0131r\u0131lmas\u0131 t\u0259l\u0259b olunur.\t\t        <\/div>\n\t\t    <\/div>\n\t    <\/div>\n\n\t    \t\t\t\t<\/div>\n\t\t\t\t<\/div>\n\t\t\t\t<div class=\"elementor-element elementor-element-2767bc8 elementor-widget elementor-widget-mae-list\" data-id=\"2767bc8\" data-element_type=\"widget\" data-widget_type=\"mae-list.default\">\n\t\t\t\t<div class=\"elementor-widget-container\">\n\t\t\t\t\t\n\t\t<div class=\"master-list align-left\">\n\t\t\t<div class=\"inner\">\n\t\t        <div class=\"icon-wrap\">\n\t\t\t        \t\t\t        \t<i class=\"\"><\/i>\n\t\t\t        \t\t\t\t    \t\t        <\/div> \n\n\t\t        <div class=\"content-wrap\">\n\t\t            H\u0259r bir ofis uy\u011funlu\u011fu il\u0259 i\u015finizin n\u00f6vb\u0259ti 5 il \u0259rzind\u0259 nec\u0259 d\u0259yi\u015f\u0259c\u0259yini d\u00fc\u015f\u00fcnm\u0259k vacibdir. \u0130\u015f yeriniz cari biznes d\u0259y\u0259rl\u0259rinizi \u0259ks etdirm\u0259li olsa da, g\u0259l\u0259c\u0259k d\u0259yi\u015fiklikl\u0259r\u0259 uy\u011funla\u015fa bilm\u0259lidir.\t\t        <\/div>\n\t\t    <\/div>\n\t    <\/div>\n\n\t    \t\t\t\t<\/div>\n\t\t\t\t<\/div>\n\t\t\t\t\t<\/div>\n\t\t<\/div>\n\t\t\t\t\t<\/div>\n\t\t<\/section>\n\t\t\t\t<\/div>","protected":false},"excerpt":{"rendered":"<p>Here at Occon, we provide shell and core, cat a and cat b fit outs and work closely with our clients, whether you&#8217;re a developer, landlord or end-user to create a high functioning space. We provide help and advice and professional project management so for companies engaging<\/p>","protected":false},"author":2,"featured_media":0,"parent":0,"menu_order":0,"comment_status":"closed","ping_status":"closed","template":"","meta":{"footnotes":""},"class_list":["post-2502","page","type-page","status-publish","hentry"],"_links":{"self":[{"href":"https:\/\/occon.az\/az\/wp-json\/wp\/v2\/pages\/2502","targetHints":{"allow":["GET"]}}],"collection":[{"href":"https:\/\/occon.az\/az\/wp-json\/wp\/v2\/pages"}],"about":[{"href":"https:\/\/occon.az\/az\/wp-json\/wp\/v2\/types\/page"}],"author":[{"embeddable":true,"href":"https:\/\/occon.az\/az\/wp-json\/wp\/v2\/users\/2"}],"replies":[{"embeddable":true,"href":"https:\/\/occon.az\/az\/wp-json\/wp\/v2\/comments?post=2502"}],"version-history":[{"count":7,"href":"https:\/\/occon.az\/az\/wp-json\/wp\/v2\/pages\/2502\/revisions"}],"predecessor-version":[{"id":2670,"href":"https:\/\/occon.az\/az\/wp-json\/wp\/v2\/pages\/2502\/revisions\/2670"}],"wp:attachment":[{"href":"https:\/\/occon.az\/az\/wp-json\/wp\/v2\/media?parent=2502"}],"curies":[{"name":"wp","href":"https:\/\/api.w.org\/{rel}","templated":true}]}}