{"id":2504,"date":"2022-11-11T17:47:37","date_gmt":"2022-11-11T13:47:37","guid":{"rendered":"https:\/\/occon.az\/?page_id=2504"},"modified":"2022-11-23T15:14:05","modified_gmt":"2022-11-23T11:14:05","slug":"procurement-and-logistics-support","status":"publish","type":"page","link":"https:\/\/occon.az\/az\/procurement-and-logistics-support\/","title":{"rendered":"Sat\u0131nalma v\u0259 logistika d\u0259st\u0259yi"},"content":{"rendered":"<div data-elementor-type=\"wp-page\" data-elementor-id=\"2504\" class=\"elementor elementor-2504\">\n\t\t\t\t\t\t<section class=\"elementor-section elementor-top-section elementor-element elementor-element-78d69ee elementor-section-boxed elementor-section-height-default elementor-section-height-default\" data-id=\"78d69ee\" data-element_type=\"section\">\n\t\t\t\t\t\t<div class=\"elementor-container elementor-column-gap-default\">\n\t\t\t\t\t<div class=\"elementor-column elementor-col-100 elementor-top-column elementor-element elementor-element-f6b0576\" data-id=\"f6b0576\" data-element_type=\"column\">\n\t\t\t<div class=\"elementor-widget-wrap elementor-element-populated\">\n\t\t\t\t\t\t<div class=\"elementor-element elementor-element-e703ffe elementor-widget elementor-widget-image\" data-id=\"e703ffe\" data-element_type=\"widget\" data-widget_type=\"image.default\">\n\t\t\t\t<div class=\"elementor-widget-container\">\n\t\t\t\t\t\t\t\t\t\t\t\t\t\t\t<img fetchpriority=\"high\" decoding=\"async\" width=\"1024\" height=\"427\" src=\"https:\/\/occon.az\/wp-content\/uploads\/2022\/11\/Procurement-and-logistics-support-1024x427.png\" class=\"attachment-large size-large wp-image-2653\" alt=\"\" srcset=\"https:\/\/occon.az\/wp-content\/uploads\/2022\/11\/Procurement-and-logistics-support-1024x427.png 1024w, https:\/\/occon.az\/wp-content\/uploads\/2022\/11\/Procurement-and-logistics-support-300x125.png 300w, https:\/\/occon.az\/wp-content\/uploads\/2022\/11\/Procurement-and-logistics-support-768x320.png 768w, https:\/\/occon.az\/wp-content\/uploads\/2022\/11\/Procurement-and-logistics-support-535x223.png 535w, https:\/\/occon.az\/wp-content\/uploads\/2022\/11\/Procurement-and-logistics-support.png 1440w\" sizes=\"(max-width: 1024px) 100vw, 1024px\" \/>\t\t\t\t\t\t\t\t\t\t\t\t\t\t\t<\/div>\n\t\t\t\t<\/div>\n\t\t\t\t<div class=\"elementor-element elementor-element-7372121 elementor-widget elementor-widget-spacer\" data-id=\"7372121\" data-element_type=\"widget\" data-widget_type=\"spacer.default\">\n\t\t\t\t<div class=\"elementor-widget-container\">\n\t\t\t\t\t\t\t<div class=\"elementor-spacer\">\n\t\t\t<div class=\"elementor-spacer-inner\"><\/div>\n\t\t<\/div>\n\t\t\t\t\t\t<\/div>\n\t\t\t\t<\/div>\n\t\t\t\t<div class=\"elementor-element elementor-element-9dc1812 elementor-widget elementor-widget-mae-list\" data-id=\"9dc1812\" data-element_type=\"widget\" data-widget_type=\"mae-list.default\">\n\t\t\t\t<div class=\"elementor-widget-container\">\n\t\t\t\t\t\n\t\t<div class=\"master-list align-left\">\n\t\t\t<div class=\"inner\">\n\t\t        <div class=\"icon-wrap\">\n\t\t\t        \t\t\t        \t<i class=\"\"><\/i>\n\t\t\t        \t\t\t\t    \t\t        <\/div> \n\n\t\t        <div class=\"content-wrap\">\n\t\t            Occon \u015firk\u0259ti, avadanl\u0131q \u00fc\u00e7\u00fcn daxild\u0259 v\u0259 xaricd\u0259 istehsal\u00e7\u0131lar\u0131 v\u0259 t\u0259chizat\u00e7\u0131lar\u0131 m\u00fc\u0259yy\u0259n ed\u0259r\u0259k m\u00fc\u015ft\u0259ril\u0259rimiz \u00fc\u00e7\u00fcn sat\u0131nalma xidm\u0259tl\u0259ri v\u0259 logistika t\u0259min edir. X\u0259rc, avadanl\u0131q performans\u0131, \u00e7atd\u0131r\u0131lma c\u0259dv\u0259li, istifad\u0259y\u0259 yararl\u0131l\u0131q v\u0259 davaml\u0131l\u0131q aras\u0131nda optimal uy\u011funla\u015fmalar\u0131 m\u00fc\u0259yy\u0259n etm\u0259k \u00fc\u00e7\u00fcn texniki t\u0259hlil v\u0259 avadanl\u0131q alternativl\u0259rinin m\u00fcqayis\u0259li qiym\u0259tl\u0259ndirm\u0259l\u0259rini t\u0259qdim edirik. \u015eirk\u0259t, m\u0259hsullar\u0131n q\u0259bulu yoxlan\u0131\u015f\u0131n\u0131 h\u0259yata ke\u00e7irdiyimiz ekspeditor anbarlar\u0131m\u0131zda bir \u00e7ox t\u0259chizat\u00e7\u0131dan mallar al\u0131r v\u0259 birl\u0259\u015fdirir.\t\t        <\/div>\n\t\t    <\/div>\n\t    <\/div>\n\n\t    \t\t\t\t<\/div>\n\t\t\t\t<\/div>\n\t\t\t\t\t<\/div>\n\t\t<\/div>\n\t\t\t\t\t<\/div>\n\t\t<\/section>\n\t\t\t\t<section class=\"elementor-section elementor-top-section elementor-element elementor-element-f5eded3 elementor-section-boxed elementor-section-height-default elementor-section-height-default\" data-id=\"f5eded3\" data-element_type=\"section\">\n\t\t\t\t\t\t<div class=\"elementor-container elementor-column-gap-default\">\n\t\t\t\t\t<div class=\"elementor-column elementor-col-100 elementor-top-column elementor-element elementor-element-0320dfc\" data-id=\"0320dfc\" data-element_type=\"column\">\n\t\t\t<div class=\"elementor-widget-wrap elementor-element-populated\">\n\t\t\t\t\t\t<div class=\"elementor-element elementor-element-d6c3540 elementor-widget elementor-widget-mae-list\" data-id=\"d6c3540\" data-element_type=\"widget\" data-widget_type=\"mae-list.default\">\n\t\t\t\t<div class=\"elementor-widget-container\">\n\t\t\t\t\t\n\t\t<div class=\"master-list align-left\">\n\t\t\t<div class=\"inner\">\n\t\t        <div class=\"icon-wrap\">\n\t\t\t        \t\t\t        \t<i class=\"\"><\/i>\n\t\t\t        \t\t\t\t    \t\t        <\/div> \n\n\t\t        <div class=\"content-wrap\">\n\t\t            \u0130\u015fimiz\u0259 daxildir:\t\t        <\/div>\n\t\t    <\/div>\n\t    <\/div>\n\n\t    \t\t\t\t<\/div>\n\t\t\t\t<\/div>\n\t\t\t\t<div class=\"elementor-element elementor-element-679e5d2 elementor-widget elementor-widget-mae-list\" data-id=\"679e5d2\" data-element_type=\"widget\" data-widget_type=\"mae-list.default\">\n\t\t\t\t<div class=\"elementor-widget-container\">\n\t\t\t\t\t\n\t\t<div class=\"master-list align-left\">\n\t\t\t<div class=\"inner\">\n\t\t        <div class=\"icon-wrap\">\n\t\t\t        \t\t\t        \t<i class=\"fas fa-check-circle\"><\/i>\n\t\t\t        \t\t\t\t    \t\t        <\/div> \n\n\t\t        <div class=\"content-wrap\">\n\t\t            \u00c7oxsayl\u0131 t\u0259chizat\u00e7\u0131lar\u0131n sat\u0131n al\u0131nmas\u0131\t\t        <\/div>\n\t\t    <\/div>\n\t    <\/div>\n\n\t    \t\t\t\t<\/div>\n\t\t\t\t<\/div>\n\t\t\t\t<div class=\"elementor-element elementor-element-7a8bc39 elementor-widget elementor-widget-mae-list\" data-id=\"7a8bc39\" data-element_type=\"widget\" data-widget_type=\"mae-list.default\">\n\t\t\t\t<div class=\"elementor-widget-container\">\n\t\t\t\t\t\n\t\t<div class=\"master-list align-left\">\n\t\t\t<div class=\"inner\">\n\t\t        <div class=\"icon-wrap\">\n\t\t\t        \t\t\t        \t<i class=\"fas fa-check-circle\"><\/i>\n\t\t\t        \t\t\t\t    \t\t        <\/div> \n\n\t\t        <div class=\"content-wrap\">\n\t\t            Beyn\u0259lxalq logistikaya g\u00f6nd\u0259rm\u0259, inventar\u0131n idar\u0259 edilm\u0259si, avadanl\u0131qlar\u0131n yoxlan\u0131lmas\u0131, qura\u015fd\u0131r\u0131lmas\u0131, t\u0259miri v\u0259 yerl\u0259\u015fdirilm\u0259si daxildir\t\t        <\/div>\n\t\t    <\/div>\n\t    <\/div>\n\n\t    \t\t\t\t<\/div>\n\t\t\t\t<\/div>\n\t\t\t\t<div class=\"elementor-element elementor-element-351d9c0 elementor-widget elementor-widget-mae-list\" data-id=\"351d9c0\" data-element_type=\"widget\" data-widget_type=\"mae-list.default\">\n\t\t\t\t<div class=\"elementor-widget-container\">\n\t\t\t\t\t\n\t\t<div class=\"master-list align-left\">\n\t\t\t<div class=\"inner\">\n\t\t        <div class=\"icon-wrap\">\n\t\t\t        \t\t\t        \t<i class=\"fas fa-check-circle\"><\/i>\n\t\t\t        \t\t\t\t    \t\t        <\/div> \n\n\t\t        <div class=\"content-wrap\">\n\t\t            Beyn\u0259lxalq, multimodal da\u015f\u0131malar\u0131n idar\u0259 edilm\u0259si\t\t        <\/div>\n\t\t    <\/div>\n\t    <\/div>\n\n\t    \t\t\t\t<\/div>\n\t\t\t\t<\/div>\n\t\t\t\t<div class=\"elementor-element elementor-element-3dad2c0 elementor-widget elementor-widget-mae-list\" data-id=\"3dad2c0\" data-element_type=\"widget\" data-widget_type=\"mae-list.default\">\n\t\t\t\t<div class=\"elementor-widget-container\">\n\t\t\t\t\t\n\t\t<div class=\"master-list align-left\">\n\t\t\t<div class=\"inner\">\n\t\t        <div class=\"icon-wrap\">\n\t\t\t        \t\t\t        \t<i class=\"fas fa-check-circle\"><\/i>\n\t\t\t        \t\t\t\t    \t\t        <\/div> \n\n\t\t        <div class=\"content-wrap\">\n\t\t            Yerli\/regional yer\u00fcst\u00fc n\u0259qliyyat\t\t        <\/div>\n\t\t    <\/div>\n\t    <\/div>\n\n\t    \t\t\t\t<\/div>\n\t\t\t\t<\/div>\n\t\t\t\t<div class=\"elementor-element elementor-element-36756e9 elementor-widget elementor-widget-mae-list\" data-id=\"36756e9\" data-element_type=\"widget\" data-widget_type=\"mae-list.default\">\n\t\t\t\t<div class=\"elementor-widget-container\">\n\t\t\t\t\t\n\t\t<div class=\"master-list align-left\">\n\t\t\t<div class=\"inner\">\n\t\t        <div class=\"icon-wrap\">\n\t\t\t        \t\t\t        \t<i class=\"fas fa-check-circle\"><\/i>\n\t\t\t        \t\t\t\t    \t\t        <\/div> \n\n\t\t        <div class=\"content-wrap\">\n\t\t            Avadanl\u0131qlar\u0131n yerl\u0259\u015fdirilm\u0259si\t\t        <\/div>\n\t\t    <\/div>\n\t    <\/div>\n\n\t    \t\t\t\t<\/div>\n\t\t\t\t<\/div>\n\t\t\t\t\t<\/div>\n\t\t<\/div>\n\t\t\t\t\t<\/div>\n\t\t<\/section>\n\t\t\t\t<\/div>","protected":false},"excerpt":{"rendered":"<p>Occon provides procurement services and logistics for our customers, identifying manufacturers and suppliers in and abroad for equipment. We provide technical analysis and comparative assessments of equipment alternatives to identify optimal trade-offs between cost, equipment performance, delivery schedule, usability, and sustainability. Occon procures and consolidates items from<\/p>","protected":false},"author":2,"featured_media":0,"parent":0,"menu_order":0,"comment_status":"closed","ping_status":"closed","template":"","meta":{"footnotes":""},"class_list":["post-2504","page","type-page","status-publish","hentry"],"_links":{"self":[{"href":"https:\/\/occon.az\/az\/wp-json\/wp\/v2\/pages\/2504","targetHints":{"allow":["GET"]}}],"collection":[{"href":"https:\/\/occon.az\/az\/wp-json\/wp\/v2\/pages"}],"about":[{"href":"https:\/\/occon.az\/az\/wp-json\/wp\/v2\/types\/page"}],"author":[{"embeddable":true,"href":"https:\/\/occon.az\/az\/wp-json\/wp\/v2\/users\/2"}],"replies":[{"embeddable":true,"href":"https:\/\/occon.az\/az\/wp-json\/wp\/v2\/comments?post=2504"}],"version-history":[{"count":13,"href":"https:\/\/occon.az\/az\/wp-json\/wp\/v2\/pages\/2504\/revisions"}],"predecessor-version":[{"id":3143,"href":"https:\/\/occon.az\/az\/wp-json\/wp\/v2\/pages\/2504\/revisions\/3143"}],"wp:attachment":[{"href":"https:\/\/occon.az\/az\/wp-json\/wp\/v2\/media?parent=2504"}],"curies":[{"name":"wp","href":"https:\/\/api.w.org\/{rel}","templated":true}]}}