{"id":2505,"date":"2022-11-11T17:47:59","date_gmt":"2022-11-11T13:47:59","guid":{"rendered":"https:\/\/occon.az\/?page_id=2505"},"modified":"2022-11-14T09:47:38","modified_gmt":"2022-11-14T05:47:38","slug":"financial-and-legal-support","status":"publish","type":"page","link":"https:\/\/occon.az\/az\/financial-and-legal-support\/","title":{"rendered":"Maliyy\u0259 v\u0259 h\u00fcquqi d\u0259st\u0259k"},"content":{"rendered":"<div data-elementor-type=\"wp-page\" data-elementor-id=\"2505\" class=\"elementor elementor-2505\">\n\t\t\t\t\t\t<section class=\"elementor-section elementor-top-section elementor-element elementor-element-0878892 elementor-section-boxed elementor-section-height-default elementor-section-height-default\" data-id=\"0878892\" data-element_type=\"section\">\n\t\t\t\t\t\t<div class=\"elementor-container elementor-column-gap-default\">\n\t\t\t\t\t<div class=\"elementor-column elementor-col-100 elementor-top-column elementor-element elementor-element-2bfb5b4\" data-id=\"2bfb5b4\" data-element_type=\"column\">\n\t\t\t<div class=\"elementor-widget-wrap elementor-element-populated\">\n\t\t\t\t\t\t<div class=\"elementor-element elementor-element-38a7f54 elementor-widget elementor-widget-image\" data-id=\"38a7f54\" data-element_type=\"widget\" data-widget_type=\"image.default\">\n\t\t\t\t<div class=\"elementor-widget-container\">\n\t\t\t\t\t\t\t\t\t\t\t\t\t\t\t<img fetchpriority=\"high\" decoding=\"async\" width=\"1024\" height=\"427\" src=\"https:\/\/occon.az\/wp-content\/uploads\/2022\/11\/Financial-and-legal-support-1024x427.png\" class=\"attachment-large size-large wp-image-2648\" alt=\"\" srcset=\"https:\/\/occon.az\/wp-content\/uploads\/2022\/11\/Financial-and-legal-support-1024x427.png 1024w, https:\/\/occon.az\/wp-content\/uploads\/2022\/11\/Financial-and-legal-support-300x125.png 300w, https:\/\/occon.az\/wp-content\/uploads\/2022\/11\/Financial-and-legal-support-768x320.png 768w, https:\/\/occon.az\/wp-content\/uploads\/2022\/11\/Financial-and-legal-support-535x223.png 535w, https:\/\/occon.az\/wp-content\/uploads\/2022\/11\/Financial-and-legal-support.png 1440w\" sizes=\"(max-width: 1024px) 100vw, 1024px\" \/>\t\t\t\t\t\t\t\t\t\t\t\t\t\t\t<\/div>\n\t\t\t\t<\/div>\n\t\t\t\t<div class=\"elementor-element elementor-element-3979946 elementor-widget elementor-widget-spacer\" data-id=\"3979946\" data-element_type=\"widget\" data-widget_type=\"spacer.default\">\n\t\t\t\t<div class=\"elementor-widget-container\">\n\t\t\t\t\t\t\t<div class=\"elementor-spacer\">\n\t\t\t<div class=\"elementor-spacer-inner\"><\/div>\n\t\t<\/div>\n\t\t\t\t\t\t<\/div>\n\t\t\t\t<\/div>\n\t\t\t\t<div class=\"elementor-element elementor-element-9a392b7 elementor-widget elementor-widget-mae-list\" data-id=\"9a392b7\" data-element_type=\"widget\" data-widget_type=\"mae-list.default\">\n\t\t\t\t<div class=\"elementor-widget-container\">\n\t\t\t\t\t\n\t\t<div class=\"master-list align-left\">\n\t\t\t<div class=\"inner\">\n\t\t        <div class=\"icon-wrap\">\n\t\t\t        \t\t\t        \t<i class=\"\"><\/i>\n\t\t\t        \t\t\t\t    \t\t        <\/div> \n\n\t\t        <div class=\"content-wrap\">\n\t\t            Tikinti h\u00fcquq\u015f\u00fcnaslar\u0131m\u0131z \u00e7oxlu tikinti m\u00fcqavil\u0259l\u0259rinin t\u0259rtib edilm\u0259si, tikintiy\u0259 icaz\u0259l\u0259rin al\u0131nmas\u0131 v\u0259 x\u00fcsusi tikinti h\u00fcququ il\u0259 ba\u011fl\u0131 m\u0259sl\u0259h\u0259tl\u0259rin verilm\u0259si sah\u0259sind\u0259 geni\u015f t\u0259cr\u00fcb\u0259y\u0259 malikdirl\u0259r.\t\t        <\/div>\n\t\t    <\/div>\n\t    <\/div>\n\n\t    \t\t\t\t<\/div>\n\t\t\t\t<\/div>\n\t\t\t\t<div class=\"elementor-element elementor-element-e360cac elementor-widget elementor-widget-mae-list\" data-id=\"e360cac\" data-element_type=\"widget\" data-widget_type=\"mae-list.default\">\n\t\t\t\t<div class=\"elementor-widget-container\">\n\t\t\t\t\t\n\t\t<div class=\"master-list align-left\">\n\t\t\t<div class=\"inner\">\n\t\t        <div class=\"icon-wrap\">\n\t\t\t        \t\t\t        \t<i class=\"\"><\/i>\n\t\t\t        \t\t\t\t    \t\t        <\/div> \n\n\t\t        <div class=\"content-wrap\">\n\t\t            Tikinti h\u00fcququnun mahiyy\u0259tin\u0259 uy\u011fun olaraq Az\u0259rbaycan qanunvericiliyi bu sah\u0259d\u0259ki probleml\u0259rin asan h\u0259llini t\u0259min etmir. M\u00fcqavil\u0259, \u0259m\u0259k, h\u00fcquq pozuntusu, inzibati v\u0259 dig\u0259r h\u00fcquq sah\u0259l\u0259rinin m\u0259cmusundan ibar\u0259t olan tikinti v\u0259 layih\u0259l\u0259ndirm\u0259d\u0259n ir\u0259li g\u0259l\u0259n m\u0259s\u0259l\u0259l\u0259r pe\u015f\u0259kar yana\u015fma v\u0259 keyfiyy\u0259tl\u0259 h\u0259ll edilm\u0259li t\u0259cr\u00fcb\u0259 t\u0259l\u0259b edir. Qeyd etm\u0259k laz\u0131md\u0131r ki, tikinti v\u0259 layih\u0259l\u0259ndirm\u0259 i\u015fl\u0259ri, y\u0259qin ki, h\u00fcquqi f\u0259aliyy\u0259t t\u0259l\u0259b ed\u0259n \u0259n inzibati i\u015fl\u0259rdir.\t\t        <\/div>\n\t\t    <\/div>\n\t    <\/div>\n\n\t    \t\t\t\t<\/div>\n\t\t\t\t<\/div>\n\t\t\t\t<div class=\"elementor-element elementor-element-b63989f elementor-widget elementor-widget-mae-list\" data-id=\"b63989f\" data-element_type=\"widget\" data-widget_type=\"mae-list.default\">\n\t\t\t\t<div class=\"elementor-widget-container\">\n\t\t\t\t\t\n\t\t<div class=\"master-list align-left\">\n\t\t\t<div class=\"inner\">\n\t\t        <div class=\"icon-wrap\">\n\t\t\t        \t\t\t        \t<i class=\"\"><\/i>\n\t\t\t        \t\t\t\t    \t\t        <\/div> \n\n\t\t        <div class=\"content-wrap\">\n\t\t            Az\u0259rbaycan\u0131n tikinti qanunvericiliyi nisb\u0259t\u0259n yeni t\u0259nziml\u0259m\u0259dir, m\u00fcr\u0259kk\u0259blikl\u0259ri x\u00fcsusi bilik v\u0259 t\u0259cr\u00fcb\u0259 t\u0259l\u0259b edir. Buna baxmayaraq, tap\u015f\u0131r\u0131qlar\u0131n dizayn\u0131 v\u0259 qurulmas\u0131n\u0131n b\u00fct\u00fcn m\u00fcr\u0259kk\u0259bliyi komandam\u0131z\u0131n dar t\u0259cr\u00fcb\u0259sidir. M\u00fcxt\u0259lif layih\u0259l\u0259rd\u0259 i\u015ftirak etm\u0259kl\u0259 ill\u0259r \u0259rzind\u0259 y\u0131\u011f\u0131lan tikinti v\u0259 dizayn i\u015fl\u0259rinin b\u00fct\u00fcn gu\u015f\u0259l\u0259rini anlamaq komandam\u0131za dan\u0131\u015f\u0131qlar m\u0259rh\u0259l\u0259sind\u0259n ba\u015flayaraq i\u015fl\u0259rin h\u0259yata ke\u00e7irilm\u0259sin\u0259 q\u0259d\u0259r bu prosesin h\u0259r bir i\u015find\u0259 siz\u0259 yard\u0131m\u00e7\u0131 olmaqda k\u00f6m\u0259k edir. T\u0259cr\u00fcb\u0259 komandam\u0131z\u0131n \u0259sas silah\u0131d\u0131r ki, \u0259vv\u0259lki s\u0259hvl\u0259rd\u0259n d\u0259rs alma\u011fa v\u0259 h\u0259yata ke\u00e7irm\u0259k \u00fc\u00e7\u00fcn \u0259n yax\u015f\u0131 h\u0259ll yollar\u0131n\u0131 se\u00e7m\u0259y\u0259 k\u00f6m\u0259k ed\u0259 bil\u0259r.\t\t        <\/div>\n\t\t    <\/div>\n\t    <\/div>\n\n\t    \t\t\t\t<\/div>\n\t\t\t\t<\/div>\n\t\t\t\t\t<\/div>\n\t\t<\/div>\n\t\t\t\t\t<\/div>\n\t\t<\/section>\n\t\t\t\t<section class=\"elementor-section elementor-top-section elementor-element elementor-element-5fe4570 elementor-section-boxed elementor-section-height-default elementor-section-height-default\" data-id=\"5fe4570\" data-element_type=\"section\">\n\t\t\t\t\t\t<div class=\"elementor-container elementor-column-gap-default\">\n\t\t\t\t\t<div class=\"elementor-column elementor-col-100 elementor-top-column elementor-element elementor-element-916bc0f\" data-id=\"916bc0f\" data-element_type=\"column\">\n\t\t\t<div class=\"elementor-widget-wrap elementor-element-populated\">\n\t\t\t\t\t\t<div class=\"elementor-element elementor-element-ce094d9 elementor-widget elementor-widget-mae-list\" data-id=\"ce094d9\" data-element_type=\"widget\" data-widget_type=\"mae-list.default\">\n\t\t\t\t<div class=\"elementor-widget-container\">\n\t\t\t\t\t\n\t\t<div class=\"master-list align-left\">\n\t\t\t<div class=\"inner\">\n\t\t        <div class=\"icon-wrap\">\n\t\t\t        \t\t\t        \t<i class=\"\"><\/i>\n\t\t\t        \t\t\t\t    \t\t        <\/div> \n\n\t\t        <div class=\"content-wrap\">\n\t\t            Tikinti h\u00fcququ xidm\u0259tl\u0259rimiz\u0259 a\u015fa\u011f\u0131dak\u0131lar daxildir:\t\t        <\/div>\n\t\t    <\/div>\n\t    <\/div>\n\n\t    \t\t\t\t<\/div>\n\t\t\t\t<\/div>\n\t\t\t\t<div class=\"elementor-element elementor-element-73a6765 elementor-widget elementor-widget-mae-list\" data-id=\"73a6765\" data-element_type=\"widget\" data-widget_type=\"mae-list.default\">\n\t\t\t\t<div class=\"elementor-widget-container\">\n\t\t\t\t\t\n\t\t<div class=\"master-list align-left\">\n\t\t\t<div class=\"inner\">\n\t\t        <div class=\"icon-wrap\">\n\t\t\t        \t\t\t        \t<i class=\"fas fa-check-circle\"><\/i>\n\t\t\t        \t\t\t\t    \t\t        <\/div> \n\n\t\t        <div class=\"content-wrap\">\n\t\t            Tikinti m\u00fcqavil\u0259si dan\u0131\u015f\u0131qlar\u0131nda \u015firk\u0259tl\u0259rin t\u0259msil olunmas\u0131;\t\t        <\/div>\n\t\t    <\/div>\n\t    <\/div>\n\n\t    \t\t\t\t<\/div>\n\t\t\t\t<\/div>\n\t\t\t\t<div class=\"elementor-element elementor-element-7b51b78 elementor-widget elementor-widget-mae-list\" data-id=\"7b51b78\" data-element_type=\"widget\" data-widget_type=\"mae-list.default\">\n\t\t\t\t<div class=\"elementor-widget-container\">\n\t\t\t\t\t\n\t\t<div class=\"master-list align-left\">\n\t\t\t<div class=\"inner\">\n\t\t        <div class=\"icon-wrap\">\n\t\t\t        \t\t\t        \t<i class=\"fas fa-check-circle\"><\/i>\n\t\t\t        \t\t\t\t    \t\t        <\/div> \n\n\t\t        <div class=\"content-wrap\">\n\t\t            Tikinti m\u00fcqavil\u0259l\u0259rinin haz\u0131rlanmas\u0131;\t\t        <\/div>\n\t\t    <\/div>\n\t    <\/div>\n\n\t    \t\t\t\t<\/div>\n\t\t\t\t<\/div>\n\t\t\t\t<div class=\"elementor-element elementor-element-9943992 elementor-widget elementor-widget-mae-list\" data-id=\"9943992\" data-element_type=\"widget\" data-widget_type=\"mae-list.default\">\n\t\t\t\t<div class=\"elementor-widget-container\">\n\t\t\t\t\t\n\t\t<div class=\"master-list align-left\">\n\t\t\t<div class=\"inner\">\n\t\t        <div class=\"icon-wrap\">\n\t\t\t        \t\t\t        \t<i class=\"fas fa-check-circle\"><\/i>\n\t\t\t        \t\t\t\t    \t\t        <\/div> \n\n\t\t        <div class=\"content-wrap\">\n\t\t            \u0130\u015fl\u0259rin daha dol\u011fun t\u0259\u015fkili v\u0259 ba\u015fa \u00e7atd\u0131r\u0131lmas\u0131 \u00fc\u00e7\u00fcn b\u00fct\u00fcn d\u00f6vl\u0259t icaz\u0259l\u0259rinin v\u0259 lisenziyalar\u0131n\u0131n al\u0131nmas\u0131nda k\u00f6m\u0259klik;\t\t        <\/div>\n\t\t    <\/div>\n\t    <\/div>\n\n\t    \t\t\t\t<\/div>\n\t\t\t\t<\/div>\n\t\t\t\t<div class=\"elementor-element elementor-element-87b542c elementor-widget elementor-widget-mae-list\" data-id=\"87b542c\" data-element_type=\"widget\" data-widget_type=\"mae-list.default\">\n\t\t\t\t<div class=\"elementor-widget-container\">\n\t\t\t\t\t\n\t\t<div class=\"master-list align-left\">\n\t\t\t<div class=\"inner\">\n\t\t        <div class=\"icon-wrap\">\n\t\t\t        \t\t\t        \t<i class=\"fas fa-check-circle\"><\/i>\n\t\t\t        \t\t\t\t    \t\t        <\/div> \n\n\t\t        <div class=\"content-wrap\">\n\t\t            Sa\u011flaml\u0131q, T\u0259hl\u00fck\u0259sizlik, \u018ftraf M\u00fchitin idar\u0259 edilm\u0259si;\t\t        <\/div>\n\t\t    <\/div>\n\t    <\/div>\n\n\t    \t\t\t\t<\/div>\n\t\t\t\t<\/div>\n\t\t\t\t<div class=\"elementor-element elementor-element-d364919 elementor-widget elementor-widget-mae-list\" data-id=\"d364919\" data-element_type=\"widget\" data-widget_type=\"mae-list.default\">\n\t\t\t\t<div class=\"elementor-widget-container\">\n\t\t\t\t\t\n\t\t<div class=\"master-list align-left\">\n\t\t\t<div class=\"inner\">\n\t\t        <div class=\"icon-wrap\">\n\t\t\t        \t\t\t        \t<i class=\"fas fa-check-circle\"><\/i>\n\t\t\t        \t\t\t\t    \t\t        <\/div> \n\n\t\t        <div class=\"content-wrap\">\n\t\t            Geoloji t\u0259dqiqat, layih\u0259l\u0259ndirm\u0259 v\u0259 tikinti lisenziyalar\u0131n\u0131n al\u0131nmas\u0131;\t\t        <\/div>\n\t\t    <\/div>\n\t    <\/div>\n\n\t    \t\t\t\t<\/div>\n\t\t\t\t<\/div>\n\t\t\t\t<div class=\"elementor-element elementor-element-8310fe2 elementor-widget elementor-widget-mae-list\" data-id=\"8310fe2\" data-element_type=\"widget\" data-widget_type=\"mae-list.default\">\n\t\t\t\t<div class=\"elementor-widget-container\">\n\t\t\t\t\t\n\t\t<div class=\"master-list align-left\">\n\t\t\t<div class=\"inner\">\n\t\t        <div class=\"icon-wrap\">\n\t\t\t        \t\t\t        \t<i class=\"fas fa-check-circle\"><\/i>\n\t\t\t        \t\t\t\t    \t\t        <\/div> \n\n\t\t        <div class=\"content-wrap\">\n\t\t            T\u0259nziml\u0259yici t\u0259sdiql\u0259r, d\u00f6vl\u0259t orqanlar\u0131 il\u0259 dan\u0131\u015f\u0131qlar;\t\t        <\/div>\n\t\t    <\/div>\n\t    <\/div>\n\n\t    \t\t\t\t<\/div>\n\t\t\t\t<\/div>\n\t\t\t\t<div class=\"elementor-element elementor-element-c8aff13 elementor-widget elementor-widget-mae-list\" data-id=\"c8aff13\" data-element_type=\"widget\" data-widget_type=\"mae-list.default\">\n\t\t\t\t<div class=\"elementor-widget-container\">\n\t\t\t\t\t\n\t\t<div class=\"master-list align-left\">\n\t\t\t<div class=\"inner\">\n\t\t        <div class=\"icon-wrap\">\n\t\t\t        \t\t\t        \t<i class=\"fas fa-check-circle\"><\/i>\n\t\t\t        \t\t\t\t    \t\t        <\/div> \n\n\t\t        <div class=\"content-wrap\">\n\t\t            Tikintiy\u0259 icaz\u0259l\u0259rin v\u0259 ya\u015fay\u0131\u015f icaz\u0259l\u0259rinin (sertifikatlar\u0131n\u0131n) al\u0131nmas\u0131;\t\t        <\/div>\n\t\t    <\/div>\n\t    <\/div>\n\n\t    \t\t\t\t<\/div>\n\t\t\t\t<\/div>\n\t\t\t\t<div class=\"elementor-element elementor-element-46c99bc elementor-widget elementor-widget-mae-list\" data-id=\"46c99bc\" data-element_type=\"widget\" data-widget_type=\"mae-list.default\">\n\t\t\t\t<div class=\"elementor-widget-container\">\n\t\t\t\t\t\n\t\t<div class=\"master-list align-left\">\n\t\t\t<div class=\"inner\">\n\t\t        <div class=\"icon-wrap\">\n\t\t\t        \t\t\t        \t<i class=\"fas fa-check-circle\"><\/i>\n\t\t\t        \t\t\t\t    \t\t        <\/div> \n\n\t\t        <div class=\"content-wrap\">\n\t\t            D\u00f6vl\u0259t tikinti sat\u0131nalmalar\u0131nda h\u00fcquqi d\u0259st\u0259k.\t\t        <\/div>\n\t\t    <\/div>\n\t    <\/div>\n\n\t    \t\t\t\t<\/div>\n\t\t\t\t<\/div>\n\t\t\t\t\t<\/div>\n\t\t<\/div>\n\t\t\t\t\t<\/div>\n\t\t<\/section>\n\t\t\t\t<\/div>","protected":false},"excerpt":{"rendered":"<p>Our construction lawyers have extended experience in drafting multi-million construction contracts, obtaining construction permits, and specific construction law consultancy. Relevant to the nature of construction law itself the Azerbaijani legislation does not provide easy solutions to the problems in this sphere. Being a combination of contract, employment,<\/p>","protected":false},"author":2,"featured_media":0,"parent":0,"menu_order":0,"comment_status":"closed","ping_status":"closed","template":"","meta":{"footnotes":""},"class_list":["post-2505","page","type-page","status-publish","hentry"],"_links":{"self":[{"href":"https:\/\/occon.az\/az\/wp-json\/wp\/v2\/pages\/2505","targetHints":{"allow":["GET"]}}],"collection":[{"href":"https:\/\/occon.az\/az\/wp-json\/wp\/v2\/pages"}],"about":[{"href":"https:\/\/occon.az\/az\/wp-json\/wp\/v2\/types\/page"}],"author":[{"embeddable":true,"href":"https:\/\/occon.az\/az\/wp-json\/wp\/v2\/users\/2"}],"replies":[{"embeddable":true,"href":"https:\/\/occon.az\/az\/wp-json\/wp\/v2\/comments?post=2505"}],"version-history":[{"count":7,"href":"https:\/\/occon.az\/az\/wp-json\/wp\/v2\/pages\/2505\/revisions"}],"predecessor-version":[{"id":2679,"href":"https:\/\/occon.az\/az\/wp-json\/wp\/v2\/pages\/2505\/revisions\/2679"}],"wp:attachment":[{"href":"https:\/\/occon.az\/az\/wp-json\/wp\/v2\/media?parent=2505"}],"curies":[{"name":"wp","href":"https:\/\/api.w.org\/{rel}","templated":true}]}}